{"id":1440,"date":"2025-02-11T22:11:42","date_gmt":"2025-02-11T21:11:42","guid":{"rendered":"https:\/\/rline.ch\/?page_id=1440"},"modified":"2025-02-12T02:52:52","modified_gmt":"2025-02-12T01:52:52","slug":"callcenter-dienstleistungen","status":"publish","type":"page","link":"https:\/\/rline.ch\/en\/callcenter-dienstleistungen\/","title":{"rendered":"Call Center Services"},"content":{"rendered":"<div data-elementor-type=\"wp-page\" data-elementor-id=\"1440\" class=\"elementor elementor-1440\">\n\t\t\t\t\t\t<section class=\"elementor-section elementor-top-section elementor-element elementor-element-0dfd5f7 elementor-section-height-min-height elementor-section-full_width elementor-section-height-default elementor-section-items-middle\" data-id=\"0dfd5f7\" data-element_type=\"section\" data-settings=\"{&quot;background_background&quot;:&quot;classic&quot;}\">\n\t\t\t\t\t\t<div class=\"elementor-container elementor-column-gap-no\">\n\t\t\t\t\t<div class=\"elementor-column elementor-col-100 elementor-top-column elementor-element elementor-element-ae94bfd\" data-id=\"ae94bfd\" data-element_type=\"column\">\n\t\t\t<div class=\"elementor-widget-wrap\">\n\t\t\t\t\t\t\t<\/div>\n\t\t<\/div>\n\t\t\t\t\t<\/div>\n\t\t<\/section>\n\t\t\t\t<section class=\"elementor-section elementor-top-section elementor-element elementor-element-3df168d elementor-section-boxed elementor-section-height-default elementor-section-height-default\" data-id=\"3df168d\" data-element_type=\"section\">\n\t\t\t\t\t\t<div class=\"elementor-container elementor-column-gap-default\">\n\t\t\t\t\t<div class=\"elementor-column elementor-col-100 elementor-top-column elementor-element elementor-element-69261ca\" data-id=\"69261ca\" data-element_type=\"column\">\n\t\t\t<div class=\"elementor-widget-wrap elementor-element-populated\">\n\t\t\t\t\t\t<div class=\"elementor-element elementor-element-c31ee12 elementor-widget elementor-widget-heading\" data-id=\"c31ee12\" data-element_type=\"widget\" data-widget_type=\"heading.default\">\n\t\t\t\t\t<h1 class=\"elementor-heading-title elementor-size-default\">What do we offer our partners?<\/h1>\t\t\t\t<\/div>\n\t\t\t\t<div class=\"elementor-element elementor-element-798767a elementor-widget elementor-widget-text-editor\" data-id=\"798767a\" data-element_type=\"widget\" data-widget_type=\"text-editor.default\">\n\t\t\t\t\t\t\t\t\t<p>We present R Line Call Center to you. With our comprehensive solutions for inbound and outbound communication, our goal is to improve your business, optimize communication with your customers, and provide first-class service.<\/p><p>Our team consists of professionals with extensive professional experience who speak fluent German, French, Italian, English, Albanian, Serbian-Croatian, and Turkish. These language skills enable us to provide international support and ensure efficient communication with customers worldwide.<\/p>\t\t\t\t\t\t\t\t<\/div>\n\t\t\t\t\t<\/div>\n\t\t<\/div>\n\t\t\t\t\t<\/div>\n\t\t<\/section>\n\t\t\t\t<section class=\"elementor-section elementor-top-section elementor-element elementor-element-5ac51e8 elementor-section-boxed elementor-section-height-default elementor-section-height-default\" data-id=\"5ac51e8\" data-element_type=\"section\" data-settings=\"{&quot;background_background&quot;:&quot;classic&quot;}\">\n\t\t\t\t\t\t<div class=\"elementor-container elementor-column-gap-default\">\n\t\t\t\t\t<div class=\"elementor-column elementor-col-100 elementor-top-column elementor-element elementor-element-2d496c3\" data-id=\"2d496c3\" data-element_type=\"column\">\n\t\t\t<div class=\"elementor-widget-wrap elementor-element-populated\">\n\t\t\t\t\t\t<div class=\"elementor-element elementor-element-37b7206 elementor-widget elementor-widget-heading\" data-id=\"37b7206\" data-element_type=\"widget\" data-widget_type=\"heading.default\">\n\t\t\t\t\t<h1 class=\"elementor-heading-title elementor-size-default\">Our Services and Partners<\/h1>\t\t\t\t<\/div>\n\t\t\t\t<div class=\"elementor-element elementor-element-60c16d7 elementor-widget elementor-widget-text-editor\" data-id=\"60c16d7\" data-element_type=\"widget\" data-widget_type=\"text-editor.default\">\n\t\t\t\t\t\t\t\t\t<p data-start=\"0\" data-end=\"375\">With great potential and a passion for innovation, we are ready to collaborate successfully with our partners. Our modern office, equipped with the latest technology, enables us to offer high-quality services and address challenges in various industries. Our expertise covers the following sectors:<\/p><ul data-start=\"377\" data-end=\"586\"><li data-start=\"377\" data-end=\"398\"><strong>Telecommunications<\/strong><\/li><li data-start=\"399\" data-end=\"417\"><strong>Insurance<\/strong><\/li><li data-start=\"418\" data-end=\"442\"><strong>Travel and Tourism<\/strong><\/li><li data-start=\"443\" data-end=\"456\"><strong>Transport<\/strong><\/li><li data-start=\"457\" data-end=\"470\"><strong>Banking<\/strong><\/li><li data-start=\"471\" data-end=\"493\"><strong>Automotive Industry<\/strong><\/li><li data-start=\"494\" data-end=\"507\"><strong>Aviation<\/strong><\/li><li data-start=\"508\" data-end=\"542\"><strong>Energy and Pension Industry<\/strong><\/li><li data-start=\"543\" data-end=\"558\"><strong>Technology<\/strong><\/li><li data-start=\"559\" data-end=\"586\"><strong>Consumer Electronics<\/strong><\/li><\/ul><p data-start=\"588\" data-end=\"819\" data-is-last-node=\"\">Thanks to our innovative approach and technological resources, we strive to create long-term and successful partnerships that contribute to the growth and development of these key industries.<\/p>\t\t\t\t\t\t\t\t<\/div>\n\t\t\t\t\t<\/div>\n\t\t<\/div>\n\t\t\t\t\t<\/div>\n\t\t<\/section>\n\t\t\t\t<section class=\"elementor-section elementor-top-section elementor-element elementor-element-c855799 elementor-section-boxed elementor-section-height-default elementor-section-height-default\" data-id=\"c855799\" data-element_type=\"section\">\n\t\t\t\t\t\t<div class=\"elementor-container elementor-column-gap-default\">\n\t\t\t\t\t<div class=\"elementor-column elementor-col-100 elementor-top-column elementor-element elementor-element-ab237dc\" data-id=\"ab237dc\" data-element_type=\"column\">\n\t\t\t<div class=\"elementor-widget-wrap elementor-element-populated\">\n\t\t\t\t\t\t<div class=\"elementor-element elementor-element-0c051ad elementor-widget elementor-widget-heading\" data-id=\"0c051ad\" data-element_type=\"widget\" data-widget_type=\"heading.default\">\n\t\t\t\t\t<h1 class=\"elementor-heading-title elementor-size-default\">Our Services Include:<\/h1>\t\t\t\t<\/div>\n\t\t\t\t<div class=\"elementor-element elementor-element-c2d512c elementor-widget elementor-widget-text-editor\" data-id=\"c2d512c\" data-element_type=\"widget\" data-widget_type=\"text-editor.default\">\n\t\t\t\t\t\t\t\t\t<ul><li data-start=\"0\" data-end=\"200\"><p data-start=\"2\" data-end=\"200\"><strong data-start=\"2\" data-end=\"48\">Sale of Products and Services<\/strong><br data-start=\"48\" data-end=\"51\" \/>Our team is trained to effectively present your products, increase sales, and improve relationships with your customers.<\/p><\/li><li data-start=\"202\" data-end=\"385\"><p data-start=\"204\" data-end=\"385\"><strong data-start=\"204\" data-end=\"221\">Customer Support<\/strong><br data-start=\"221\" data-end=\"224\" \/>We provide high-quality support that enables quick resolution of customer inquiries and issues, enhancing their overall experience.<\/p><\/li><li data-start=\"387\" data-end=\"612\"><p data-start=\"389\" data-end=\"612\"><strong data-start=\"389\" data-end=\"427\">Optimization of Business Processes<\/strong><br data-start=\"427\" data-end=\"430\" \/>With our advanced solutions, we contribute to the efficiency of your business, allowing you to focus on the essential aspects of growth.<\/p><\/li><li data-start=\"614\" data-end=\"951\" data-is-last-node=\"\"><p data-start=\"616\" data-end=\"951\" data-is-last-node=\"\"><strong data-start=\"616\" data-end=\"641\">Quality Call Service<\/strong><br data-start=\"641\" data-end=\"644\" \/>We conduct quality control of calls to ensure that every interaction with your customers is professional and effective. Our team undergoes continuous training to maintain high service standards and ensure quality communication with every customer.<\/p><\/li><\/ul>\t\t\t\t\t\t\t\t<\/div>\n\t\t\t\t\t<\/div>\n\t\t<\/div>\n\t\t\t\t\t<\/div>\n\t\t<\/section>\n\t\t\t\t<section class=\"elementor-section elementor-top-section elementor-element elementor-element-d385f46 elementor-section-boxed elementor-section-height-default elementor-section-height-default\" data-id=\"d385f46\" data-element_type=\"section\" data-settings=\"{&quot;background_background&quot;:&quot;classic&quot;}\">\n\t\t\t\t\t\t<div class=\"elementor-container elementor-column-gap-default\">\n\t\t\t\t\t<div class=\"elementor-column elementor-col-100 elementor-top-column elementor-element elementor-element-600bcc6\" data-id=\"600bcc6\" data-element_type=\"column\">\n\t\t\t<div class=\"elementor-widget-wrap elementor-element-populated\">\n\t\t\t\t\t\t<div class=\"elementor-element elementor-element-19bb175 elementor-widget elementor-widget-heading\" data-id=\"19bb175\" data-element_type=\"widget\" data-widget_type=\"heading.default\">\n\t\t\t\t\t<h1 class=\"elementor-heading-title elementor-size-default\">Why Choose R Line Call Center?<\/h1>\t\t\t\t<\/div>\n\t\t\t\t<div class=\"elementor-element elementor-element-e787d33 elementor-widget elementor-widget-text-editor\" data-id=\"e787d33\" data-element_type=\"widget\" data-widget_type=\"text-editor.default\">\n\t\t\t\t\t\t\t\t\t<ul><li><p><strong>Professionalism<\/strong><br \/>We are committed to each customer, delivering our services with care and precision.<\/p><\/li><li><p><strong>Flexibility<\/strong><br \/>Our solutions are fully tailored to your specific needs, whether you are a small or large company.<\/p><\/li><li><p><strong>Experience<\/strong><br \/>Our team has many years of experience working with various industries and markets. This allows us to develop customized strategies that deliver measurable results.<\/p><\/li><\/ul>\t\t\t\t\t\t\t\t<\/div>\n\t\t\t\t\t<\/div>\n\t\t<\/div>\n\t\t\t\t\t<\/div>\n\t\t<\/section>\n\t\t\t\t<section class=\"elementor-section elementor-top-section elementor-element elementor-element-828005a elementor-section-boxed elementor-section-height-default elementor-section-height-default\" data-id=\"828005a\" data-element_type=\"section\">\n\t\t\t\t\t\t<div class=\"elementor-container elementor-column-gap-default\">\n\t\t\t\t\t<div class=\"elementor-column elementor-col-100 elementor-top-column elementor-element elementor-element-3678d40\" data-id=\"3678d40\" data-element_type=\"column\">\n\t\t\t<div class=\"elementor-widget-wrap elementor-element-populated\">\n\t\t\t\t\t\t<div class=\"elementor-element elementor-element-8f01495 elementor-widget elementor-widget-text-editor\" data-id=\"8f01495\" data-element_type=\"widget\" data-widget_type=\"text-editor.default\">\n\t\t\t\t\t\t\t\t\t<h3>Choose R Line Call Center as your partner and ensure the best possible support and efficiency in communication with your customers.<\/h3>\t\t\t\t\t\t\t\t<\/div>\n\t\t\t\t<div class=\"elementor-element elementor-element-3bc2ac3 elementor-widget elementor-widget-shortcode\" data-id=\"3bc2ac3\" data-element_type=\"widget\" data-widget_type=\"shortcode.default\">\n\t\t\t\t\t\t\t<div class=\"elementor-shortcode\">\n<div class=\"wpcf7 no-js\" id=\"wpcf7-f1483-o1\" lang=\"en-US\" dir=\"ltr\" data-wpcf7-id=\"1483\">\n<div class=\"screen-reader-response\"><p role=\"status\" aria-live=\"polite\" aria-atomic=\"true\"><\/p> <ul><\/ul><\/div>\n<form action=\"\/en\/wp-json\/wp\/v2\/pages\/1440#wpcf7-f1483-o1\" method=\"post\" class=\"wpcf7-form init\" aria-label=\"Contact form\" novalidate=\"novalidate\" data-status=\"init\" data-trp-original-action=\"\/en\/wp-json\/wp\/v2\/pages\/1440#wpcf7-f1483-o1\">\n<fieldset class=\"hidden-fields-container\"><input type=\"hidden\" name=\"_wpcf7\" value=\"1483\" \/><input type=\"hidden\" name=\"_wpcf7_version\" value=\"6.1.1\" \/><input type=\"hidden\" name=\"_wpcf7_locale\" value=\"en_US\" \/><input type=\"hidden\" name=\"_wpcf7_unit_tag\" value=\"wpcf7-f1483-o1\" \/><input type=\"hidden\" name=\"_wpcf7_container_post\" value=\"0\" \/><input type=\"hidden\" name=\"_wpcf7_posted_data_hash\" value=\"\" \/><input type=\"hidden\" name=\"_uacf7_hidden_conditional_fields\" value=\"\" \/>\n<\/fieldset>\n<div class=\"uacf7-form-wrapper-container uacf7-form-1483\"><div id=\"uacf7-form-wrapper\" class=\"uacf7-wrapper-default\">\n    <label> Company Name\n        <span class=\"wpcf7-form-control-wrap\" data-name=\"firmenname\"><input size=\"40\" maxlength=\"400\" class=\"wpcf7-form-control wpcf7-text wpcf7-validates-as-required\" aria-required=\"true\" aria-invalid=\"false\" value=\"\" type=\"text\" name=\"firmenname\" \/><\/span>  <\/label> \n <label> Address\n        <span class=\"wpcf7-form-control-wrap\" data-name=\"adresse\"><input size=\"40\" maxlength=\"400\" class=\"wpcf7-form-control wpcf7-text wpcf7-validates-as-required\" aria-required=\"true\" aria-invalid=\"false\" value=\"\" type=\"text\" name=\"adresse\" \/><\/span>  <\/label> \n    <label> Email Address\n        <span class=\"wpcf7-form-control-wrap\" data-name=\"your-email\"><input size=\"40\" maxlength=\"400\" class=\"wpcf7-form-control wpcf7-email wpcf7-validates-as-required wpcf7-text wpcf7-validates-as-email\" aria-required=\"true\" aria-invalid=\"false\" value=\"\" type=\"email\" name=\"your-email\" \/><\/span>  <\/label> \n    <label> Contact\n        <span class=\"wpcf7-form-control-wrap\" data-name=\"tel-number\"><input size=\"40\" maxlength=\"400\" class=\"wpcf7-form-control wpcf7-tel wpcf7-validates-as-required wpcf7-text wpcf7-validates-as-tel\" aria-required=\"true\" aria-invalid=\"false\" value=\"\" type=\"tel\" name=\"tel-number\" \/><\/span> <\/label> \n    <label> Remark\n        <span class=\"wpcf7-form-control-wrap\" data-name=\"bemerkung\"><textarea cols=\"40\" rows=\"10\" maxlength=\"2000\" class=\"wpcf7-form-control wpcf7-textarea wpcf7-validates-as-required\" aria-required=\"true\" aria-invalid=\"false\" name=\"bemerkung\"><\/textarea><\/span>  <\/label> \n    <input class=\"wpcf7-form-control wpcf7-submit has-spinner\" type=\"submit\" value=\"Request for Collaboration\" \/>\n<\/div><\/div><input type='hidden' class='wpcf7-pum' value='{\"closepopup\":false,\"closedelay\":0,\"openpopup\":false,\"openpopup_id\":0}' \/><div class=\"wpcf7-response-output\" aria-hidden=\"true\"><\/div>\n<input type=\"hidden\" name=\"trp-form-language\" value=\"en\"\/><\/form>\n<\/div>\n<\/div>\n\t\t\t\t\t\t<\/div>\n\t\t\t\t\t<\/div>\n\t\t<\/div>\n\t\t\t\t\t<\/div>\n\t\t<\/section>\n\t\t\t\t<\/div>","protected":false},"excerpt":{"rendered":"<p>Was bieten wir unseren Partnern an? Wir stellen Ihnen R Line Callcenter vor. Mit unseren umfassenden L\u00f6sungen f\u00fcr Inbound und Outbound Kommunikation ist es unser Ziel, Ihr Gesch\u00e4ft zu verbessern, [&hellip;]<\/p>","protected":false},"author":1,"featured_media":0,"parent":0,"menu_order":0,"comment_status":"closed","ping_status":"closed","template":"","meta":{"footnotes":""},"class_list":["post-1440","page","type-page","status-publish","hentry"],"_links":{"self":[{"href":"https:\/\/rline.ch\/en\/wp-json\/wp\/v2\/pages\/1440","targetHints":{"allow":["GET"]}}],"collection":[{"href":"https:\/\/rline.ch\/en\/wp-json\/wp\/v2\/pages"}],"about":[{"href":"https:\/\/rline.ch\/en\/wp-json\/wp\/v2\/types\/page"}],"author":[{"embeddable":true,"href":"https:\/\/rline.ch\/en\/wp-json\/wp\/v2\/users\/1"}],"replies":[{"embeddable":true,"href":"https:\/\/rline.ch\/en\/wp-json\/wp\/v2\/comments?post=1440"}],"version-history":[{"count":58,"href":"https:\/\/rline.ch\/en\/wp-json\/wp\/v2\/pages\/1440\/revisions"}],"predecessor-version":[{"id":1596,"href":"https:\/\/rline.ch\/en\/wp-json\/wp\/v2\/pages\/1440\/revisions\/1596"}],"wp:attachment":[{"href":"https:\/\/rline.ch\/en\/wp-json\/wp\/v2\/media?parent=1440"}],"curies":[{"name":"wp","href":"https:\/\/api.w.org\/{rel}","templated":true}]}}