{"id":1102,"date":"2025-02-09T14:52:13","date_gmt":"2025-02-09T13:52:13","guid":{"rendered":"https:\/\/rline.ch\/?page_id=1102"},"modified":"2025-02-12T02:29:47","modified_gmt":"2025-02-12T01:29:47","slug":"job","status":"publish","type":"page","link":"https:\/\/rline.ch\/fr\/job\/","title":{"rendered":"Emploi"},"content":{"rendered":"<div data-elementor-type=\"wp-page\" data-elementor-id=\"1102\" class=\"elementor elementor-1102\">\n\t\t\t\t\t\t<section class=\"elementor-section elementor-top-section elementor-element elementor-element-9d2f9f2 elementor-section-height-min-height elementor-section-boxed elementor-section-height-default elementor-section-items-middle\" data-id=\"9d2f9f2\" data-element_type=\"section\" data-settings=\"{&quot;background_background&quot;:&quot;classic&quot;}\">\n\t\t\t\t\t\t<div class=\"elementor-container elementor-column-gap-default\">\n\t\t\t\t\t<div class=\"elementor-column elementor-col-100 elementor-top-column elementor-element elementor-element-6d30252\" data-id=\"6d30252\" data-element_type=\"column\">\n\t\t\t<div class=\"elementor-widget-wrap\">\n\t\t\t\t\t\t\t<\/div>\n\t\t<\/div>\n\t\t\t\t\t<\/div>\n\t\t<\/section>\n\t\t\t\t<section class=\"elementor-section elementor-top-section elementor-element elementor-element-ce6dba8 elementor-section-boxed elementor-section-height-default elementor-section-height-default\" data-id=\"ce6dba8\" data-element_type=\"section\">\n\t\t\t\t\t\t<div class=\"elementor-container elementor-column-gap-default\">\n\t\t\t\t\t<div class=\"elementor-column elementor-col-50 elementor-top-column elementor-element elementor-element-f62713a\" data-id=\"f62713a\" data-element_type=\"column\">\n\t\t\t<div class=\"elementor-widget-wrap elementor-element-populated\">\n\t\t\t\t\t\t<div class=\"elementor-element elementor-element-d8d863d elementor-widget elementor-widget-gva-heading-block\" data-id=\"d8d863d\" data-element_type=\"widget\" data-widget_type=\"gva-heading-block.default\">\n\t\t\t\t<div class=\"elementor-widget-container\">\n\t\t\t\t\t<div class=\"gva-element-gva-heading-block gva-element\">   <div class=\"align-left style-1 widget gsc-heading box-align-left auto-responsive\">\r\n      <div class=\"content-inner\">\r\n         \r\n                  \r\n           \r\n         \r\n                     <h2 class=\"title\">\r\n               <span>Rejoignez notre \u00e9quipe \u00e0 succ\u00e8s<\/span>\r\n            <\/h2>\r\n                  \r\n                     <div class=\"title-desc\">Notre \u00e9quipe est en constante expansion, et afin de maintenir un haut niveau de qualit\u00e9 et de professionnalisme, nous recherchons toujours de nouveaux membres form\u00e9s et qualifi\u00e9s dans notre domaine d'expertise. Les candidats poss\u00e9dant des connaissances sp\u00e9cifiques et une exp\u00e9rience dans des domaines pertinents ont l'opportunit\u00e9 de rejoindre notre entreprise et de contribuer \u00e0 notre croissance et \u00e0 notre succ\u00e8s continus. Si vous \u00eates motiv\u00e9, qualifi\u00e9 et pr\u00eat \u00e0 relever de nouveaux d\u00e9fis, nous vous invitons \u00e0 postuler et \u00e0 rejoindre une \u00e9quipe qui atteint sans cesse de nouveaux sommets.<\/div>\r\n         \r\n         \r\n      <\/div>\r\n   <\/div>\r\n<\/div>\t\t\t\t<\/div>\n\t\t\t\t<\/div>\n\t\t\t\t\t<\/div>\n\t\t<\/div>\n\t\t\t\t<div class=\"elementor-column elementor-col-50 elementor-top-column elementor-element elementor-element-3b6d25a\" data-id=\"3b6d25a\" data-element_type=\"column\">\n\t\t\t<div class=\"elementor-widget-wrap elementor-element-populated\">\n\t\t\t\t\t\t<div class=\"elementor-element elementor-element-cabb7db elementor-widget elementor-widget-heading\" data-id=\"cabb7db\" data-element_type=\"widget\" data-widget_type=\"heading.default\">\n\t\t\t\t\t<h2 class=\"elementor-heading-title elementor-size-default\">Postulez maintenant !<\/h2>\t\t\t\t<\/div>\n\t\t\t\t<div class=\"elementor-element elementor-element-fd98496 elementor-widget elementor-widget-text-editor\" data-id=\"fd98496\" data-element_type=\"widget\" data-widget_type=\"text-editor.default\">\n\t\t\t\t\t\t\t\t\t<p>Postulez \u00e0 tout moment via le formulaire. Notre \u00e9quipe vous contactera dans les plus brefs d\u00e9lais !<\/p>\t\t\t\t\t\t\t\t<\/div>\n\t\t\t\t<div class=\"elementor-element elementor-element-7046b2e elementor-widget elementor-widget-shortcode\" data-id=\"7046b2e\" data-element_type=\"widget\" data-widget_type=\"shortcode.default\">\n\t\t\t\t\t\t\t<div class=\"elementor-shortcode\">\n<div class=\"wpcf7 no-js\" id=\"wpcf7-f1104-o1\" lang=\"en-US\" dir=\"ltr\" data-wpcf7-id=\"1104\">\n<div class=\"screen-reader-response\"><p role=\"status\" aria-live=\"polite\" aria-atomic=\"true\"><\/p> <ul><\/ul><\/div>\n<form action=\"\/fr\/wp-json\/wp\/v2\/pages\/1102#wpcf7-f1104-o1\" method=\"post\" class=\"wpcf7-form init\" aria-label=\"Contact form\" enctype=\"multipart\/form-data\" novalidate=\"novalidate\" data-status=\"init\" data-trp-original-action=\"\/fr\/wp-json\/wp\/v2\/pages\/1102#wpcf7-f1104-o1\">\n<fieldset class=\"hidden-fields-container\"><input type=\"hidden\" name=\"_wpcf7\" value=\"1104\" \/><input type=\"hidden\" name=\"_wpcf7_version\" value=\"6.1.1\" \/><input type=\"hidden\" name=\"_wpcf7_locale\" value=\"en_US\" \/><input type=\"hidden\" name=\"_wpcf7_unit_tag\" value=\"wpcf7-f1104-o1\" \/><input type=\"hidden\" name=\"_wpcf7_container_post\" value=\"0\" \/><input type=\"hidden\" name=\"_wpcf7_posted_data_hash\" value=\"\" \/><input type=\"hidden\" name=\"_uacf7_hidden_conditional_fields\" value=\"\" \/>\n<\/fieldset>\n<div class=\"uacf7-form-wrapper-container uacf7-form-1104\"><div id=\"uacf7-form-wrapper\" class=\"uacf7-wrapper-default\">\n    <label> Pr\u00e9nom &amp; Nom de famille\n        <span class=\"wpcf7-form-control-wrap\" data-name=\"full-name\"><input size=\"40\" maxlength=\"400\" class=\"wpcf7-form-control wpcf7-text wpcf7-validates-as-required\" aria-required=\"true\" aria-invalid=\"false\" value=\"\" type=\"text\" name=\"full-name\" \/><\/span>  <\/label> \n    <label> E-Mail\n        <span class=\"wpcf7-form-control-wrap\" data-name=\"your-email\"><input size=\"40\" maxlength=\"400\" class=\"wpcf7-form-control wpcf7-email wpcf7-validates-as-required wpcf7-text wpcf7-validates-as-email\" aria-required=\"true\" aria-invalid=\"false\" value=\"\" type=\"email\" name=\"your-email\" \/><\/span>  <\/label> \n    <label> Num\u00e9ro de t\u00e9l\u00e9phone\n        <span class=\"wpcf7-form-control-wrap\" data-name=\"tel-number\"><input size=\"40\" maxlength=\"400\" class=\"wpcf7-form-control wpcf7-tel wpcf7-validates-as-required wpcf7-text wpcf7-validates-as-tel\" aria-required=\"true\" aria-invalid=\"false\" value=\"\" type=\"tel\" name=\"tel-number\" \/><\/span> <\/label> \n    <label> Motivationsschreiben\n        <span class=\"wpcf7-form-control-wrap\" data-name=\"cover-letter\"><textarea cols=\"40\" rows=\"10\" maxlength=\"2000\" class=\"wpcf7-form-control wpcf7-textarea wpcf7-validates-as-required\" aria-required=\"true\" aria-invalid=\"false\" name=\"cover-letter\"><\/textarea><\/span>  <\/label> \n    <label> Lebenslauf hochladen\n        <span class=\"wpcf7-form-control-wrap\" data-name=\"resume-file\"><input size=\"40\" class=\"wpcf7-form-control wpcf7-file wpcf7-validates-as-required\" accept=\".pdf,.doc,.docx\" aria-required=\"true\" aria-invalid=\"false\" type=\"file\" name=\"resume-file\" \/><\/span> <\/label> \n <span class=\"wpcf7-form-control-wrap\" data-name=\"terms\"><span class=\"wpcf7-form-control wpcf7-acceptance\"><span class=\"wpcf7-list-item\"><label class=\"translation-block\"><input type=\"checkbox\" name=\"terms\" value=\"1\" aria-invalid=\"false\"><span class=\"wpcf7-list-item-label\">Ich habe die \r\n            <a href=\"https:\/\/rline.ch\/fr\/legal-notices\/\" target=\"_blank\" style=\"color:#e8c670; font-weight:bold;\">Nutzungsbedingungen<\/a> \r\n            und \r\n            <a href=\"https:\/\/rline.ch\/fr\/data-protection\/\" target=\"_blank\" style=\"color:#e8c670; font-weight:bold;\">Datenschutz-Bestimmungen<\/a> \r\n            gelesen und akzeptiert.<\/span><\/label><\/span><\/span><\/span>\n    <input class=\"wpcf7-form-control wpcf7-submit has-spinner\" type=\"submit\" value=\"Envoyer la candidature\" \/>\n<\/div><\/div><input type='hidden' class='wpcf7-pum' value='{\"closepopup\":false,\"closedelay\":0,\"openpopup\":false,\"openpopup_id\":0}' \/><div class=\"wpcf7-response-output\" aria-hidden=\"true\"><\/div>\n<input type=\"hidden\" name=\"trp-form-language\" value=\"fr\"\/><\/form>\n<\/div>\n<\/div>\n\t\t\t\t\t\t<\/div>\n\t\t\t\t\t<\/div>\n\t\t<\/div>\n\t\t\t\t\t<\/div>\n\t\t<\/section>\n\t\t\t\t<\/div>","protected":false},"excerpt":{"rendered":"<p>Werden Sie Teil unseres erfolgreichen Teams Unser Team w\u00e4chst st\u00e4ndig, und um das hohe Niveau an Qualit\u00e4t und Professionalit\u00e4t aufrechtzuerhalten, suchen wir immer nach neuen Mitgliedern, die in unserem Fachbereich [&hellip;]<\/p>","protected":false},"author":1,"featured_media":0,"parent":0,"menu_order":0,"comment_status":"closed","ping_status":"closed","template":"","meta":{"footnotes":""},"class_list":["post-1102","page","type-page","status-publish","hentry"],"_links":{"self":[{"href":"https:\/\/rline.ch\/fr\/wp-json\/wp\/v2\/pages\/1102","targetHints":{"allow":["GET"]}}],"collection":[{"href":"https:\/\/rline.ch\/fr\/wp-json\/wp\/v2\/pages"}],"about":[{"href":"https:\/\/rline.ch\/fr\/wp-json\/wp\/v2\/types\/page"}],"author":[{"embeddable":true,"href":"https:\/\/rline.ch\/fr\/wp-json\/wp\/v2\/users\/1"}],"replies":[{"embeddable":true,"href":"https:\/\/rline.ch\/fr\/wp-json\/wp\/v2\/comments?post=1102"}],"version-history":[{"count":16,"href":"https:\/\/rline.ch\/fr\/wp-json\/wp\/v2\/pages\/1102\/revisions"}],"predecessor-version":[{"id":1577,"href":"https:\/\/rline.ch\/fr\/wp-json\/wp\/v2\/pages\/1102\/revisions\/1577"}],"wp:attachment":[{"href":"https:\/\/rline.ch\/fr\/wp-json\/wp\/v2\/media?parent=1102"}],"curies":[{"name":"wp","href":"https:\/\/api.w.org\/{rel}","templated":true}]}}