{"id":1315,"date":"2025-02-11T02:12:24","date_gmt":"2025-02-11T01:12:24","guid":{"rendered":"https:\/\/rline.ch\/?page_id=1315"},"modified":"2025-02-11T02:20:22","modified_gmt":"2025-02-11T01:20:22","slug":"legal-notices","status":"publish","type":"page","link":"https:\/\/rline.ch\/fr\/legal-notices\/","title":{"rendered":"Legal Notices"},"content":{"rendered":"<div class=\"flex max-w-full flex-col flex-grow\">\n<div class=\"min-h-8 text-message flex w-full flex-col items-end gap-2 whitespace-normal break-words text-start [.text-message+&amp;]:mt-5\" dir=\"auto\" data-message-author-role=\"assistant\" data-message-id=\"1acbe058-2340-4a95-bf7e-79735ceb0ae2\" data-message-model-slug=\"gpt-4o\">\n<div class=\"flex w-full flex-col gap-1 empty:hidden first:pt-[3px]\">\n<div class=\"markdown prose w-full break-words dark:prose-invert dark\">\n<h3 data-start=\"0\" data-end=\"38\"><strong data-start=\"4\" data-end=\"36\">Rechtliche Hinweise \u2013 R Line<\/strong><\/h3>\n<p data-start=\"40\" data-end=\"163\"><strong data-start=\"40\" data-end=\"50\">R Line<\/strong><br data-start=\"50\" data-end=\"53\" \/>Riedm\u00fchlestrasse 10<br data-start=\"72\" data-end=\"75\" \/>8305 Dietlikon<br data-start=\"89\" data-end=\"92\" \/>E-Mail: <a rel=\"noopener\" data-start=\"100\" data-end=\"113\">info@rline.ch<\/a><br data-start=\"113\" data-end=\"116\" \/>Website: <a href=\"https:\/\/rline.ch\/fr\/\" target=\"_new\" rel=\"noopener\" data-start=\"125\" data-end=\"161\">https:\/\/rline.ch<\/a><\/p>\n<hr data-start=\"165\" data-end=\"168\" \/>\n<h3 data-start=\"170\" data-end=\"198\"><strong data-start=\"174\" data-end=\"196\">I. Geltungsbereich<\/strong><\/h3>\n<p data-start=\"199\" data-end=\"341\">Die Webseiten von R Line richten sich nicht an Personen, denen der Zugriff aufgrund der f\u00fcr sie geltenden Rechtsordnung nicht gestattet ist.<\/p>\n<hr data-start=\"343\" data-end=\"346\" \/>\n<h3 data-start=\"348\" data-end=\"375\"><strong data-start=\"352\" data-end=\"373\">II. Informationen<\/strong><\/h3>\n<p data-start=\"376\" data-end=\"896\">Obwohl R Line ihre Webseiten sorgf\u00e4ltig erstellt und pflegt, wird keine Gew\u00e4hr f\u00fcr die inhaltliche Richtigkeit, Genauigkeit, Aktualit\u00e4t, Zuverl\u00e4ssigkeit oder Vollst\u00e4ndigkeit der bereitgestellten Informationen (insbesondere Preise, Online-Berechnungen) \u00fcbernommen. R Line beh\u00e4lt sich vor, die Informationen auf ihren Seiten jederzeit und ohne vorherige Ank\u00fcndigung zu \u00e4ndern oder zu aktualisieren. Dies gilt auch f\u00fcr Verbesserungen und\/oder \u00c4nderungen an den auf dieser Webseite beschriebenen Produkten oder Programmen.<\/p>\n<p data-start=\"898\" data-end=\"1051\">Die auf der Webseite abrufbaren Informationen stellen weder eine Empfehlung noch ein Angebot dar, es sei denn, dies wird ausdr\u00fccklich anders angegeben.<\/p>\n<hr data-start=\"1053\" data-end=\"1056\" \/>\n<h3 data-start=\"1058\" data-end=\"1091\"><strong data-start=\"1062\" data-end=\"1089\">III. Haftungsausschluss<\/strong><\/h3>\n<p data-start=\"1092\" data-end=\"1417\">Die Nutzung des Internets, der R Line Webseite sowie aller weiterf\u00fchrenden Links, Hyperlinks und Web-Adressen erfolgt grunds\u00e4tzlich auf eigenes Risiko. R Line kann das fehlerfreie Funktionieren von Hard- und Software nicht garantieren. Zudem kann die Webseite technische Ungenauigkeiten oder typografische Fehler enthalten.<\/p>\n<p data-start=\"1419\" data-end=\"1948\">R Line \u00fcbernimmt keinerlei Haftung f\u00fcr Anspr\u00fcche im Zusammenhang mit der Nutzung ihrer Webseite, insbesondere f\u00fcr direkte oder indirekte Sch\u00e4den oder Folgesch\u00e4den, die in irgendeiner Weise durch die Nutzung des Internets oder der Webseite entstehen. Insbesondere ist jegliche Haftung f\u00fcr entgangenen Gewinn, Betriebsunterbrechungen, den Verlust von Programmen oder anderen Daten in Ihren Informationssystemen ausgeschlossen. Dies gilt selbst dann, wenn R Line ausdr\u00fccklich auf die M\u00f6glichkeit solcher Sch\u00e4den hingewiesen wurde.<\/p>\n<p data-start=\"1950\" data-end=\"2227\">Dar\u00fcber hinaus ist jegliche Haftung f\u00fcr Fehlfunktionen des Internets, Sch\u00e4den durch Dritte, importierte Daten jeglicher Art (wie Viren, W\u00fcrmer, Trojanische Pferde, Logikbomben oder andere sch\u00e4dliche Komponenten) sowie f\u00fcr Links von R Line zu anderen Webseiten ausgeschlossen.<\/p>\n<p data-start=\"2229\" data-end=\"2623\">R Line weist ausdr\u00fccklich darauf hin, dass sie keine Garantie oder Verantwortung f\u00fcr den Inhalt und die Gestaltung von Webseiten \u00fcbernimmt, die \u00fcber Hyperlinks erreichbar sind. Ebenso wird keine Garantie oder Verantwortung f\u00fcr Webseiten \u00fcbernommen, die einen Hyperlink auf die Webseite von R Line setzen. R Line hat keine Kontrolle \u00fcber den Inhalt und die Struktur von Nicht-R-Line-Webseiten.<\/p>\n<hr data-start=\"2625\" data-end=\"2628\" \/>\n<h3 data-start=\"2630\" data-end=\"2670\"><strong data-start=\"2634\" data-end=\"2668\">IV. Urheberrecht und Copyright<\/strong><\/h3>\n<p data-start=\"2671\" data-end=\"2910\">Alle Elemente auf der R Line Webseite sind urheberrechtlich gesch\u00fctzt. Das Herunterladen, Drucken, Kopieren, Speichern und Bearbeiten von Inhalten der Webseite, ganz oder in Teilen, ist ausschlie\u00dflich f\u00fcr den privaten Gebrauch gestattet.<\/p>\n<p data-start=\"2912\" data-end=\"3332\">Das vollst\u00e4ndige oder teilweise Reproduzieren, \u00dcbermitteln (elektronisch oder auf andere Weise), Modifizieren, Verkn\u00fcpfen oder Nutzen der R Line Webseite f\u00fcr \u00f6ffentliche oder kommerzielle Zwecke ist ohne vorherige schriftliche Zustimmung von R Line untersagt, es sei denn, bestimmte Bilder, Informationen oder Daten wurden ausdr\u00fccklich f\u00fcr bestimmte Verwendungszwecke freigegeben (z. B. das Herunterladen von Bildern).<\/p>\n<p data-start=\"3334\" data-end=\"3529\">Beim erlaubten Herunterladen und Drucken einzelner Seiten oder Teile davon m\u00fcssen alle Urheberrechtsvermerke und andere gesetzlich gesch\u00fctzte Bezeichnungen beibehalten und wiedergegeben werden.<\/p>\n<hr data-start=\"3531\" data-end=\"3534\" \/>\n<h3 data-start=\"3536\" data-end=\"3584\"><strong data-start=\"3540\" data-end=\"3582\">V. Anwendbares Recht und Gerichtsstand<\/strong><\/h3>\n<p data-start=\"3585\" data-end=\"3782\">S\u00e4mtliche Rechtsstreitigkeiten, die sich aus dem Zugriff auf die Webseite von R Line ergeben, unterliegen dem Schweizer Recht (unter Ausschluss von Kollisionsnormen und internationalen Abkommen).<\/p>\n<p data-start=\"3784\" data-end=\"3937\">F\u00fcr gerichtliche Streitigkeiten hat der Nutzer die Wahl zwischen dem ordentlichen Gerichtsstand oder seinem Wohnsitz bzw. Gesch\u00e4ftssitz in der Schweiz.<\/p>\n<hr data-start=\"3939\" data-end=\"3942\" \/>\n<h3 data-start=\"3944\" data-end=\"3965\"><strong data-start=\"3948\" data-end=\"3963\">VI. Kontakt<\/strong><\/h3>\n<p data-start=\"3966\" data-end=\"4208\" data-is-last-node=\"\">Die oben genannten Bestimmungen basieren auf dem Europ\u00e4ischen Verhaltenskodex f\u00fcr das Internet. Wenn Sie Fragen oder Kommentare zu unseren rechtlichen Hinweisen oder zum Datenschutz haben, kontaktieren Sie uns bitte unter <strong data-start=\"4188\" data-end=\"4205\"><a rel=\"noopener\" data-start=\"4190\" data-end=\"4203\">info@rline.ch<\/a><\/strong>.<\/p>\n<\/div>\n<\/div>\n<\/div>\n<\/div>","protected":false},"excerpt":{"rendered":"<p>Rechtliche Hinweise \u2013 R Line R LineRiedm\u00fchlestrasse 108305 DietlikonE-Mail: info@rline.chWebsite: https:\/\/rline.ch I. Geltungsbereich Die Webseiten von R Line richten sich nicht an Personen, denen der Zugriff aufgrund der f\u00fcr sie [&hellip;]<\/p>","protected":false},"author":1,"featured_media":0,"parent":0,"menu_order":0,"comment_status":"closed","ping_status":"closed","template":"","meta":{"footnotes":""},"class_list":["post-1315","page","type-page","status-publish","hentry"],"_links":{"self":[{"href":"https:\/\/rline.ch\/fr\/wp-json\/wp\/v2\/pages\/1315","targetHints":{"allow":["GET"]}}],"collection":[{"href":"https:\/\/rline.ch\/fr\/wp-json\/wp\/v2\/pages"}],"about":[{"href":"https:\/\/rline.ch\/fr\/wp-json\/wp\/v2\/types\/page"}],"author":[{"embeddable":true,"href":"https:\/\/rline.ch\/fr\/wp-json\/wp\/v2\/users\/1"}],"replies":[{"embeddable":true,"href":"https:\/\/rline.ch\/fr\/wp-json\/wp\/v2\/comments?post=1315"}],"version-history":[{"count":2,"href":"https:\/\/rline.ch\/fr\/wp-json\/wp\/v2\/pages\/1315\/revisions"}],"predecessor-version":[{"id":1317,"href":"https:\/\/rline.ch\/fr\/wp-json\/wp\/v2\/pages\/1315\/revisions\/1317"}],"wp:attachment":[{"href":"https:\/\/rline.ch\/fr\/wp-json\/wp\/v2\/media?parent=1315"}],"curies":[{"name":"wp","href":"https:\/\/api.w.org\/{rel}","templated":true}]}}