{"id":1318,"date":"2025-02-11T02:18:39","date_gmt":"2025-02-11T01:18:39","guid":{"rendered":"https:\/\/rline.ch\/?page_id=1318"},"modified":"2025-02-11T02:20:36","modified_gmt":"2025-02-11T01:20:36","slug":"data-protection","status":"publish","type":"page","link":"https:\/\/rline.ch\/fr\/data-protection\/","title":{"rendered":"Data Protection"},"content":{"rendered":"<h3 data-start=\"0\" data-end=\"39\"><strong data-start=\"4\" data-end=\"37\">Datenschutzerkl\u00e4rung \u2013 R Line<\/strong><\/h3>\n<p data-start=\"41\" data-end=\"164\"><strong data-start=\"41\" data-end=\"51\">R Line<\/strong><br data-start=\"51\" data-end=\"54\" \/>Riedm\u00fchlestrasse 10<br data-start=\"73\" data-end=\"76\" \/>8305 Dietlikon<br data-start=\"90\" data-end=\"93\" \/>E-Mail: <a rel=\"noopener\" data-start=\"101\" data-end=\"114\">info@rline.ch<\/a><br data-start=\"114\" data-end=\"117\" \/>Website: <a href=\"https:\/\/rline.ch\/fr\/\" target=\"_new\" rel=\"noopener\" data-start=\"126\" data-end=\"162\">https:\/\/rline.ch<\/a><\/p>\n<hr data-start=\"166\" data-end=\"169\" \/>\n<h3 data-start=\"171\" data-end=\"212\"><strong data-start=\"175\" data-end=\"210\">Datenschutz ist Vertrauenssache<\/strong><\/h3>\n<p data-start=\"213\" data-end=\"654\">Vertrauen ist uns wichtig. Wir respektieren Ihre Privat- und Pers\u00f6nlichkeitssph\u00e4re und legen gro\u00dfen Wert auf den Schutz sowie die gesetzeskonforme Erhebung, Verarbeitung und Nutzung Ihrer personenbezogenen Daten. Im Folgenden informieren wir Sie \u00fcber unsere Datenerhebung und -verwendung. Sie k\u00f6nnen diese Informationen ausdrucken oder speichern, indem Sie die \u00fcbliche Funktionalit\u00e4t Ihres Browsers verwenden (\u201eDatei\u201c \u2192 \u201eSpeichern unter\u201c).<\/p>\n<hr data-start=\"656\" data-end=\"659\" \/>\n<h3 data-start=\"661\" data-end=\"719\"><strong data-start=\"665\" data-end=\"717\">I. Anwendungsbereich dieser Datenschutzerkl\u00e4rung<\/strong><\/h3>\n<p data-start=\"720\" data-end=\"994\">Mit der Zustimmung zu dieser Datenschutzerkl\u00e4rung willigen Sie gegen\u00fcber <strong data-start=\"793\" data-end=\"840\">R Line, Riedm\u00fchlestrasse 10, 8305 Dietlikon<\/strong> in die Erhebung, Verarbeitung und Nutzung Ihrer personenbezogenen Daten gem\u00e4\u00df den geltenden Datenschutzgesetzen und den nachfolgenden Bestimmungen ein.<\/p>\n<p data-start=\"996\" data-end=\"1248\">Diese Datenschutzerkl\u00e4rung gilt insbesondere f\u00fcr die Internetseite von R Line und die damit verbundenen Dienstleistungen. Unsere Internetseite enth\u00e4lt m\u00f6glicherweise Links zu externen Webseiten, auf die diese Datenschutzerkl\u00e4rung nicht anwendbar ist.<\/p>\n<hr data-start=\"1250\" data-end=\"1253\" \/>\n<h3 data-start=\"1255\" data-end=\"1286\"><strong data-start=\"1259\" data-end=\"1284\">II. Betroffenenrechte<\/strong><\/h3>\n<p data-start=\"1287\" data-end=\"1485\">Betroffene Personen haben das Recht auf Auskunft sowie unter bestimmten Voraussetzungen das Recht auf Berichtigung, Sperrung oder L\u00f6schung der gespeicherten oder in einem Dossier abgelegten Daten.<\/p>\n<hr data-start=\"1487\" data-end=\"1490\" \/>\n<h3 data-start=\"1492\" data-end=\"1535\"><strong data-start=\"1496\" data-end=\"1533\">III. Allgemeine Datenverarbeitung<\/strong><\/h3>\n<h4 data-start=\"1537\" data-end=\"1566\"><strong data-start=\"1542\" data-end=\"1564\">1. Rechtsgrundlage<\/strong><\/h4>\n<p data-start=\"1567\" data-end=\"1790\">Die Verarbeitung Ihrer Daten erfolgt unter Beachtung des schweizerischen Datenschutzgesetzes (DSG). Eine Datenbearbeitung ist insbesondere dann zul\u00e4ssig, wenn sie gesetzlich erlaubt ist oder Sie hierzu eingewilligt haben.<\/p>\n<h4 data-start=\"1792\" data-end=\"1822\"><strong data-start=\"1797\" data-end=\"1820\">2. Datenbearbeitung<\/strong><\/h4>\n<p data-start=\"1823\" data-end=\"2078\">Die Bearbeitung umfasst jede Art des Umgangs mit personenbezogenen Daten. Ihre Daten werden gem\u00e4\u00df den geltenden Datenschutzbestimmungen elektronisch oder physisch gespeichert und archiviert. Sie sind gegen unbefugten Zugriff und Ver\u00e4nderungen gesch\u00fctzt.<\/p>\n<p data-start=\"2080\" data-end=\"2358\">Wir verarbeiten Ihre Daten nur, soweit dies f\u00fcr Vertragsabschl\u00fcsse, Vertrags- und Leistungsabwicklung, Produktoptimierungen oder interne Marketingzwecke erforderlich ist. Dazu geh\u00f6ren sowohl direkt von Ihnen bereitgestellte Informationen als auch \u00f6ffentlich zug\u00e4ngliche Daten.<\/p>\n<p data-start=\"2360\" data-end=\"2576\">Beispielsweise bearbeiten wir Daten aus bestehenden Vertr\u00e4gen, Versicherungsantr\u00e4gen und Leistungsantr\u00e4gen (z. B. zur Risikopr\u00fcfung, Pr\u00e4mienberechnung, Vertragsverwaltung, Pr\u00e4mieninkasso oder Leistungsbearbeitung).<\/p>\n<h4 data-start=\"2578\" data-end=\"2606\"><strong data-start=\"2583\" data-end=\"2604\">3. Datenaustausch<\/strong><\/h4>\n<p data-start=\"2607\" data-end=\"2812\">Falls erforderlich, werden Daten an beteiligte Dritte im In- und Ausland weitergeleitet. Ein solcher Datenaustausch kann auch innerhalb unserer Unternehmensgruppe sowie mit Kooperationspartnern erfolgen.<\/p>\n<hr data-start=\"2814\" data-end=\"2817\" \/>\n<h3 data-start=\"2819\" data-end=\"2857\"><strong data-start=\"2823\" data-end=\"2855\">IV. Kommunikation via E-Mail<\/strong><\/h3>\n<p data-start=\"2858\" data-end=\"3024\">Bitte beachten Sie, dass E-Mail-Kommunikation in der Regel unverschl\u00fcsselt erfolgt. Daten k\u00f6nnen verloren gehen oder von Dritten abgefangen bzw. manipuliert werden.<\/p>\n<p data-start=\"3026\" data-end=\"3401\">R Line trifft angemessene technische und organisatorische Sicherheitsma\u00dfnahmen, um dies innerhalb des eigenen Systems zu verhindern. Ihr Endger\u00e4t (PC, Smartphone etc.) liegt jedoch au\u00dferhalb unseres Sicherheitsbereichs. Es obliegt Ihnen, sich \u00fcber notwendige Sicherheitsvorkehrungen zu informieren und geeignete Ma\u00dfnahmen (z. B. aktuelle Virenschutzprogramme) zu ergreifen.<\/p>\n<hr data-start=\"3403\" data-end=\"3406\" \/>\n<h3 data-start=\"3408\" data-end=\"3480\"><strong data-start=\"3412\" data-end=\"3478\">V. Datenverarbeitung im Zusammenhang mit unserer Internetseite<\/strong><\/h3>\n<p data-start=\"3482\" data-end=\"3612\">Das Internet ist ein weltweit offenes Netz. Die \u00dcbermittlung oder der Abruf pers\u00f6nlicher Daten erfolgt stets auf eigenes Risiko.<\/p>\n<p data-start=\"3614\" data-end=\"3831\">Beim Zugriff auf unsere Internetseite werden verschiedene personenbezogene Zugriffsdaten (z. B. IP-Adresse, Datum und Uhrzeit, aufgerufene Datei) gespeichert. Ihre IP-Adresse wird in anonymisierter Form gespeichert.<\/p>\n<h4 data-start=\"3833\" data-end=\"3865\"><strong data-start=\"3838\" data-end=\"3863\">1. Bearbeitungszwecke<\/strong><\/h4>\n<p data-start=\"3866\" data-end=\"4244\">Diese Daten werden f\u00fcr Marketing- und statistische Zwecke verwendet, um personalisierte Inhalte bereitzustellen und die Nutzung der Webseite zu analysieren. Sie werden vertraulich behandelt und nicht an Dritte weitergegeben, es sei denn, gesetzliche Vorschriften oder Beh\u00f6rden fordern dies. Falls Daten weitergegeben werden, erfolgt dies ausschlie\u00dflich in anonymisierter Form.<\/p>\n<h4 data-start=\"4246\" data-end=\"4275\"><strong data-start=\"4251\" data-end=\"4273\">2. Datensicherheit<\/strong><\/h4>\n<p data-start=\"4276\" data-end=\"4643\">\u00dcbermittelte Daten werden durch angemessene technische und organisatorische Ma\u00dfnahmen gesch\u00fctzt, die internationalen Sicherheitsstandards entsprechen. Mittels <strong data-start=\"4435\" data-end=\"4464\">Secure Socket Layer (SSL)<\/strong> wird der Datentransfer zwischen Ihrem Browser und unserem Server gesichert. Eine durchgehende End-to-End-Verschl\u00fcsselung kann jedoch nicht in allen F\u00e4llen gew\u00e4hrleistet werden.<\/p>\n<p data-start=\"4645\" data-end=\"4739\">Wir empfehlen daher, keine sensiblen Daten \u00fcber das Internet oder per E-Mail zu \u00fcbermitteln.<\/p>\n<hr data-start=\"4741\" data-end=\"4744\" \/>\n<h3 data-start=\"4746\" data-end=\"4793\"><strong data-start=\"4750\" data-end=\"4791\">VI. Cookies und Tracking-Technologien<\/strong><\/h3>\n<h4 data-start=\"4795\" data-end=\"4816\"><strong data-start=\"4800\" data-end=\"4814\">1. Cookies<\/strong><\/h4>\n<p data-start=\"4817\" data-end=\"5049\">Cookies sind kleine Dateien, die im Browser gespeichert werden und Informationen \u00fcber besuchte Webseiten enthalten. Sie dienen dazu, Webseiteninhalte effizienter bereitzustellen oder die Nutzung einer Internetseite zu analysieren.<\/p>\n<p data-start=\"5051\" data-end=\"5195\">Soziale Medien-Cookies verbinden Sie mit sozialen Netzwerken, w\u00e4hrend Werbe-Cookies Ihre Interessen erfassen, um relevante Werbung anzuzeigen.<\/p>\n<p data-start=\"5197\" data-end=\"5365\">Sie k\u00f6nnen Cookies durch entsprechende Einstellungen in Ihrem Browser deaktivieren. In diesem Fall k\u00f6nnen jedoch bestimmte Funktionen der Webseite eingeschr\u00e4nkt sein.<\/p>\n<h4 data-start=\"5367\" data-end=\"5397\"><strong data-start=\"5372\" data-end=\"5395\">2. Google Analytics<\/strong><\/h4>\n<p data-start=\"5398\" data-end=\"5773\">Unsere Webseite nutzt <strong data-start=\"5420\" data-end=\"5440\">Google Analytics<\/strong>, einen Webanalysedienst von Google Inc. (\u201eGoogle\u201c). Google Analytics verwendet Cookies zur Erfassung Ihrer Nutzung der Webseite. Diese Daten werden an Google-Server in den USA \u00fcbertragen und dort gespeichert. Google verwendet diese Informationen zur Analyse der Webseitenaktivit\u00e4ten und stellt entsprechende Reports zur Verf\u00fcgung.<\/p>\n<h4 data-start=\"5775\" data-end=\"5837\"><strong data-start=\"5780\" data-end=\"5835\">3. Google AdWords Conversion Tracking &amp; Remarketing<\/strong><\/h4>\n<p data-start=\"5838\" data-end=\"6068\">Wir nutzen <strong data-start=\"5849\" data-end=\"5887\">Google AdWords Conversion Tracking<\/strong> und <strong data-start=\"5892\" data-end=\"5914\">Google Remarketing<\/strong>, um Werbeanzeigen gezielter zu steuern. Cookies speichern anonymisierte Informationen zu Ihrem Surfverhalten, um Werbeanzeigen relevanter zu gestalten.<\/p>\n<h4 data-start=\"6070\" data-end=\"6104\"><strong data-start=\"6075\" data-end=\"6102\">4. Facebook Remarketing<\/strong><\/h4>\n<p data-start=\"6105\" data-end=\"6400\">Auf unserer Webseite sind <strong data-start=\"6131\" data-end=\"6160\">Facebook Remarketing-Tags<\/strong> integriert. Beim Besuch unserer Seite wird eine direkte Verbindung zu Facebook-Servern hergestellt, wodurch Facebook erf\u00e4hrt, dass Sie unsere Webseite besucht haben. Diese Information kann f\u00fcr zielgerichtete Werbeanzeigen genutzt werden.<\/p>\n<p data-start=\"6402\" data-end=\"6472\">Weitere Details finden Sie in der <strong data-start=\"6436\" data-end=\"6469\">Facebook-Datenschutzerkl\u00e4rung<\/strong>.<\/p>\n<hr data-start=\"6474\" data-end=\"6477\" \/>\n<h3 data-start=\"6479\" data-end=\"6508\"><strong data-start=\"6483\" data-end=\"6506\">VII. Social Plugins<\/strong><\/h3>\n<p data-start=\"6509\" data-end=\"6574\">Unsere Webseite verwendet Plugins folgender sozialer Netzwerke:<\/p>\n<ul data-start=\"6576\" data-end=\"6812\">\n<li data-start=\"6576\" data-end=\"6693\"><strong data-start=\"6578\" data-end=\"6590\">Facebook<\/strong> (Facebook Inc., USA) \u2013 <a href=\"https:\/\/www.facebook.com\/privacy\/explanation\" target=\"_new\" rel=\"noopener\" data-start=\"6614\" data-end=\"6691\">Facebook Datenschutzerkl\u00e4rung<\/a><\/li>\n<li data-start=\"6694\" data-end=\"6812\"><strong data-start=\"6696\" data-end=\"6709\">Instagram<\/strong> (Instagram Inc., USA) \u2013 <a href=\"https:\/\/help.instagram.com\/519522125107875\" target=\"_new\" rel=\"noopener\" data-start=\"6734\" data-end=\"6810\">Instagram Datenschutzerkl\u00e4rung<\/a><\/li>\n<\/ul>\n<p data-start=\"6814\" data-end=\"6903\">Diese Plugins erm\u00f6glichen Ihnen, Inhalte direkt in Ihren sozialen Netzwerken zu teilen.<\/p>\n<hr data-start=\"6905\" data-end=\"6908\" \/>\n<h3 data-start=\"6910\" data-end=\"6944\"><strong data-start=\"6914\" data-end=\"6942\">VIII. \u00c4nderungsvorbehalt<\/strong><\/h3>\n<p data-start=\"6945\" data-end=\"7123\">R Line beh\u00e4lt sich das Recht vor, diese Datenschutzerkl\u00e4rung jederzeit an gesetzliche Bestimmungen anzupassen. Es gilt jeweils die auf unserer Webseite ver\u00f6ffentlichte Version.<\/p>\n<hr data-start=\"7125\" data-end=\"7128\" \/>\n<h3 data-start=\"7130\" data-end=\"7214\"><strong data-start=\"7134\" data-end=\"7212\">IX. Informationspflicht nach Artikel 45 VAG (Versicherungsaufsichtsgesetz)<\/strong><\/h3>\n<p data-start=\"7215\" data-end=\"7422\">Gem\u00e4\u00df Artikel 45 VAG sind wir verpflichtet, Sie \u00fcber die Bearbeitung Ihrer Daten im Rahmen von Versicherungsvertr\u00e4gen zu informieren. Weitere Details hierzu finden Sie in den jeweiligen Vertragsunterlagen.<\/p>\n<hr data-start=\"7424\" data-end=\"7427\" \/>\n<h3 data-start=\"7429\" data-end=\"7449\"><strong data-start=\"7433\" data-end=\"7447\">X. Kontakt<\/strong><\/h3>\n<p data-start=\"7450\" data-end=\"7577\">Wenn Sie Fragen oder Anmerkungen zu dieser Datenschutzerkl\u00e4rung oder zum Datenschutz haben, kontaktieren Sie uns bitte unter:<\/p>\n<p data-start=\"7579\" data-end=\"7662\" data-is-last-node=\"\">\ud83d\udce7 <strong data-start=\"7582\" data-end=\"7593\">E-Mail:<\/strong> <a rel=\"noopener\" data-start=\"7594\" data-end=\"7607\">info@rline.ch<\/a><br data-start=\"7607\" data-end=\"7610\" \/>\ud83c\udf10 <strong data-start=\"7613\" data-end=\"7625\">Website:<\/strong> <a href=\"https:\/\/rline.ch\/fr\/\" target=\"_new\" rel=\"noopener\" data-start=\"7626\" data-end=\"7662\" data-is-last-node=\"\">https:\/\/rline.ch<\/a><\/p>","protected":false},"excerpt":{"rendered":"<p>Datenschutzerkl\u00e4rung \u2013 R Line R LineRiedm\u00fchlestrasse 108305 DietlikonE-Mail: info@rline.chWebsite: https:\/\/rline.ch Datenschutz ist Vertrauenssache Vertrauen ist uns wichtig. Wir respektieren Ihre Privat- und Pers\u00f6nlichkeitssph\u00e4re und legen gro\u00dfen Wert auf den Schutz [&hellip;]<\/p>","protected":false},"author":1,"featured_media":0,"parent":0,"menu_order":0,"comment_status":"closed","ping_status":"closed","template":"","meta":{"footnotes":""},"class_list":["post-1318","page","type-page","status-publish","hentry"],"_links":{"self":[{"href":"https:\/\/rline.ch\/fr\/wp-json\/wp\/v2\/pages\/1318","targetHints":{"allow":["GET"]}}],"collection":[{"href":"https:\/\/rline.ch\/fr\/wp-json\/wp\/v2\/pages"}],"about":[{"href":"https:\/\/rline.ch\/fr\/wp-json\/wp\/v2\/types\/page"}],"author":[{"embeddable":true,"href":"https:\/\/rline.ch\/fr\/wp-json\/wp\/v2\/users\/1"}],"replies":[{"embeddable":true,"href":"https:\/\/rline.ch\/fr\/wp-json\/wp\/v2\/comments?post=1318"}],"version-history":[{"count":1,"href":"https:\/\/rline.ch\/fr\/wp-json\/wp\/v2\/pages\/1318\/revisions"}],"predecessor-version":[{"id":1319,"href":"https:\/\/rline.ch\/fr\/wp-json\/wp\/v2\/pages\/1318\/revisions\/1319"}],"wp:attachment":[{"href":"https:\/\/rline.ch\/fr\/wp-json\/wp\/v2\/media?parent=1318"}],"curies":[{"name":"wp","href":"https:\/\/api.w.org\/{rel}","templated":true}]}}