{"id":1440,"date":"2025-02-11T22:11:42","date_gmt":"2025-02-11T21:11:42","guid":{"rendered":"https:\/\/rline.ch\/?page_id=1440"},"modified":"2025-02-12T02:52:52","modified_gmt":"2025-02-12T01:52:52","slug":"callcenter-dienstleistungen","status":"publish","type":"page","link":"https:\/\/rline.ch\/fr\/callcenter-dienstleistungen\/","title":{"rendered":"Services de centre d\u2019appels"},"content":{"rendered":"<div data-elementor-type=\"wp-page\" data-elementor-id=\"1440\" class=\"elementor elementor-1440\">\n\t\t\t\t\t\t<section class=\"elementor-section elementor-top-section elementor-element elementor-element-0dfd5f7 elementor-section-height-min-height elementor-section-full_width elementor-section-height-default elementor-section-items-middle\" data-id=\"0dfd5f7\" data-element_type=\"section\" data-settings=\"{&quot;background_background&quot;:&quot;classic&quot;}\">\n\t\t\t\t\t\t<div class=\"elementor-container elementor-column-gap-no\">\n\t\t\t\t\t<div class=\"elementor-column elementor-col-100 elementor-top-column elementor-element elementor-element-ae94bfd\" data-id=\"ae94bfd\" data-element_type=\"column\">\n\t\t\t<div class=\"elementor-widget-wrap\">\n\t\t\t\t\t\t\t<\/div>\n\t\t<\/div>\n\t\t\t\t\t<\/div>\n\t\t<\/section>\n\t\t\t\t<section class=\"elementor-section elementor-top-section elementor-element elementor-element-3df168d elementor-section-boxed elementor-section-height-default elementor-section-height-default\" data-id=\"3df168d\" data-element_type=\"section\">\n\t\t\t\t\t\t<div class=\"elementor-container elementor-column-gap-default\">\n\t\t\t\t\t<div class=\"elementor-column elementor-col-100 elementor-top-column elementor-element elementor-element-69261ca\" data-id=\"69261ca\" data-element_type=\"column\">\n\t\t\t<div class=\"elementor-widget-wrap elementor-element-populated\">\n\t\t\t\t\t\t<div class=\"elementor-element elementor-element-c31ee12 elementor-widget elementor-widget-heading\" data-id=\"c31ee12\" data-element_type=\"widget\" data-widget_type=\"heading.default\">\n\t\t\t\t\t<h1 class=\"elementor-heading-title elementor-size-default\">Que proposons-nous \u00e0 nos partenaires ?<\/h1>\t\t\t\t<\/div>\n\t\t\t\t<div class=\"elementor-element elementor-element-798767a elementor-widget elementor-widget-text-editor\" data-id=\"798767a\" data-element_type=\"widget\" data-widget_type=\"text-editor.default\">\n\t\t\t\t\t\t\t\t\t<p>Nous vous pr\u00e9sentons R Line Call Center. Gr\u00e2ce \u00e0 nos solutions compl\u00e8tes pour la communication entrante et sortante, notre objectif est d'am\u00e9liorer votre activit\u00e9, d'optimiser la communication avec vos clients et d'offrir un service de premi\u00e8re classe.<\/p><p>Notre \u00e9quipe est compos\u00e9e de professionnels ayant une vaste exp\u00e9rience et parlant couramment l\u2019allemand, le fran\u00e7ais, l\u2019italien, l\u2019anglais, l\u2019albanais, le serbo-croate et le turc. Ces comp\u00e9tences linguistiques nous permettent d\u2019offrir un support international et d\u2019assurer une communication efficace avec des clients du monde entier.<\/p>\t\t\t\t\t\t\t\t<\/div>\n\t\t\t\t\t<\/div>\n\t\t<\/div>\n\t\t\t\t\t<\/div>\n\t\t<\/section>\n\t\t\t\t<section class=\"elementor-section elementor-top-section elementor-element elementor-element-5ac51e8 elementor-section-boxed elementor-section-height-default elementor-section-height-default\" data-id=\"5ac51e8\" data-element_type=\"section\" data-settings=\"{&quot;background_background&quot;:&quot;classic&quot;}\">\n\t\t\t\t\t\t<div class=\"elementor-container elementor-column-gap-default\">\n\t\t\t\t\t<div class=\"elementor-column elementor-col-100 elementor-top-column elementor-element elementor-element-2d496c3\" data-id=\"2d496c3\" data-element_type=\"column\">\n\t\t\t<div class=\"elementor-widget-wrap elementor-element-populated\">\n\t\t\t\t\t\t<div class=\"elementor-element elementor-element-37b7206 elementor-widget elementor-widget-heading\" data-id=\"37b7206\" data-element_type=\"widget\" data-widget_type=\"heading.default\">\n\t\t\t\t\t<h1 class=\"elementor-heading-title elementor-size-default\">Nos services et partenaires<\/h1>\t\t\t\t<\/div>\n\t\t\t\t<div class=\"elementor-element elementor-element-60c16d7 elementor-widget elementor-widget-text-editor\" data-id=\"60c16d7\" data-element_type=\"widget\" data-widget_type=\"text-editor.default\">\n\t\t\t\t\t\t\t\t\t<p data-start=\"0\" data-end=\"375\">Avec un grand potentiel et une passion pour l\u2019innovation, nous sommes pr\u00eats \u00e0 collaborer avec succ\u00e8s avec nos partenaires. Notre bureau moderne, \u00e9quip\u00e9 des derni\u00e8res technologies, nous permet d\u2019offrir des services de haute qualit\u00e9 et de relever les d\u00e9fis de divers secteurs. Notre expertise couvre les domaines suivants :<\/p><ul data-start=\"377\" data-end=\"586\"><li data-start=\"377\" data-end=\"398\"><strong>T\u00e9l\u00e9communications<\/strong><\/li><li data-start=\"399\" data-end=\"417\"><strong>Assurances<\/strong><\/li><li data-start=\"418\" data-end=\"442\"><strong>Voyages et tourisme<\/strong><\/li><li data-start=\"443\" data-end=\"456\"><strong>Transport<\/strong><\/li><li data-start=\"457\" data-end=\"470\"><strong>Banque<\/strong><\/li><li data-start=\"471\" data-end=\"493\"><strong>Industrie automobile<\/strong><\/li><li data-start=\"494\" data-end=\"507\"><strong>Aviation<\/strong><\/li><li data-start=\"508\" data-end=\"542\"><strong>\u00c9nergie et pr\u00e9voyance<\/strong><\/li><li data-start=\"543\" data-end=\"558\"><strong>Technologie<\/strong><\/li><li data-start=\"559\" data-end=\"586\"><strong>\u00c9lectronique grand public<\/strong><\/li><\/ul><p data-start=\"588\" data-end=\"819\" data-is-last-node=\"\">Gr\u00e2ce \u00e0 notre approche innovante et \u00e0 nos ressources technologiques, nous nous engageons \u00e0 \u00e9tablir des partenariats durables et fructueux qui contribuent \u00e0 la croissance et au d\u00e9veloppement de ces secteurs cl\u00e9s.<\/p>\t\t\t\t\t\t\t\t<\/div>\n\t\t\t\t\t<\/div>\n\t\t<\/div>\n\t\t\t\t\t<\/div>\n\t\t<\/section>\n\t\t\t\t<section class=\"elementor-section elementor-top-section elementor-element elementor-element-c855799 elementor-section-boxed elementor-section-height-default elementor-section-height-default\" data-id=\"c855799\" data-element_type=\"section\">\n\t\t\t\t\t\t<div class=\"elementor-container elementor-column-gap-default\">\n\t\t\t\t\t<div class=\"elementor-column elementor-col-100 elementor-top-column elementor-element elementor-element-ab237dc\" data-id=\"ab237dc\" data-element_type=\"column\">\n\t\t\t<div class=\"elementor-widget-wrap elementor-element-populated\">\n\t\t\t\t\t\t<div class=\"elementor-element elementor-element-0c051ad elementor-widget elementor-widget-heading\" data-id=\"0c051ad\" data-element_type=\"widget\" data-widget_type=\"heading.default\">\n\t\t\t\t\t<h1 class=\"elementor-heading-title elementor-size-default\">Nos services comprennent :<\/h1>\t\t\t\t<\/div>\n\t\t\t\t<div class=\"elementor-element elementor-element-c2d512c elementor-widget elementor-widget-text-editor\" data-id=\"c2d512c\" data-element_type=\"widget\" data-widget_type=\"text-editor.default\">\n\t\t\t\t\t\t\t\t\t<ul><li data-start=\"0\" data-end=\"200\"><p data-start=\"2\" data-end=\"200\"><strong data-start=\"2\" data-end=\"48\">Vente de produits et services<\/strong><br data-start=\"48\" data-end=\"51\" \/>Notre \u00e9quipe est form\u00e9e pour pr\u00e9senter efficacement vos produits, augmenter les ventes et am\u00e9liorer les relations avec vos clients.<\/p><\/li><li data-start=\"202\" data-end=\"385\"><p data-start=\"204\" data-end=\"385\"><strong data-start=\"204\" data-end=\"221\">Support client<\/strong><br data-start=\"221\" data-end=\"224\" \/>Nous offrons un support de haute qualit\u00e9 qui permet de r\u00e9soudre rapidement les questions et probl\u00e8mes de vos clients, am\u00e9liorant ainsi leur exp\u00e9rience globale.<\/p><\/li><li data-start=\"387\" data-end=\"612\"><p data-start=\"389\" data-end=\"612\"><strong data-start=\"389\" data-end=\"427\">Optimisation des processus commerciaux<\/strong><br data-start=\"427\" data-end=\"430\" \/>Gr\u00e2ce \u00e0 nos solutions avanc\u00e9es, nous contribuons \u00e0 l'efficacit\u00e9 de votre entreprise, vous permettant de vous concentrer sur les aspects essentiels de la croissance.<\/p><\/li><li data-start=\"614\" data-end=\"951\" data-is-last-node=\"\"><p data-start=\"616\" data-end=\"951\" data-is-last-node=\"\"><strong data-start=\"616\" data-end=\"641\">Service d\u2019appels de qualit\u00e9<\/strong><br data-start=\"641\" data-end=\"644\" \/>Nous effectuons un contr\u00f4le qualit\u00e9 des appels afin de garantir que chaque interaction avec vos clients soit professionnelle et efficace. Notre \u00e9quipe suit une formation continue pour maintenir des standards de service \u00e9lev\u00e9s et assurer une communication de qualit\u00e9 avec chaque client.<\/p><\/li><\/ul>\t\t\t\t\t\t\t\t<\/div>\n\t\t\t\t\t<\/div>\n\t\t<\/div>\n\t\t\t\t\t<\/div>\n\t\t<\/section>\n\t\t\t\t<section class=\"elementor-section elementor-top-section elementor-element elementor-element-d385f46 elementor-section-boxed elementor-section-height-default elementor-section-height-default\" data-id=\"d385f46\" data-element_type=\"section\" data-settings=\"{&quot;background_background&quot;:&quot;classic&quot;}\">\n\t\t\t\t\t\t<div class=\"elementor-container elementor-column-gap-default\">\n\t\t\t\t\t<div class=\"elementor-column elementor-col-100 elementor-top-column elementor-element elementor-element-600bcc6\" data-id=\"600bcc6\" data-element_type=\"column\">\n\t\t\t<div class=\"elementor-widget-wrap elementor-element-populated\">\n\t\t\t\t\t\t<div class=\"elementor-element elementor-element-19bb175 elementor-widget elementor-widget-heading\" data-id=\"19bb175\" data-element_type=\"widget\" data-widget_type=\"heading.default\">\n\t\t\t\t\t<h1 class=\"elementor-heading-title elementor-size-default\">Pourquoi choisir R Line Call Center ?<\/h1>\t\t\t\t<\/div>\n\t\t\t\t<div class=\"elementor-element elementor-element-e787d33 elementor-widget elementor-widget-text-editor\" data-id=\"e787d33\" data-element_type=\"widget\" data-widget_type=\"text-editor.default\">\n\t\t\t\t\t\t\t\t\t<ul><li><p><strong>Professionnalisme<\/strong><br \/>Nous nous engageons aupr\u00e8s de chaque client en fournissant nos services avec soin et pr\u00e9cision.<\/p><\/li><li><p><strong>Flexibilit\u00e9<\/strong><br \/>Nos solutions sont enti\u00e8rement adapt\u00e9es \u00e0 vos besoins sp\u00e9cifiques, que vous soyez une petite ou une grande entreprise.<\/p><\/li><li><p><strong>Exp\u00e9rience<\/strong><br \/>Notre \u00e9quipe poss\u00e8de de nombreuses ann\u00e9es d\u2019exp\u00e9rience dans divers secteurs et march\u00e9s. Cela nous permet de d\u00e9velopper des strat\u00e9gies personnalis\u00e9es qui offrent des r\u00e9sultats mesurables.<\/p><\/li><\/ul>\t\t\t\t\t\t\t\t<\/div>\n\t\t\t\t\t<\/div>\n\t\t<\/div>\n\t\t\t\t\t<\/div>\n\t\t<\/section>\n\t\t\t\t<section class=\"elementor-section elementor-top-section elementor-element elementor-element-828005a elementor-section-boxed elementor-section-height-default elementor-section-height-default\" data-id=\"828005a\" data-element_type=\"section\">\n\t\t\t\t\t\t<div class=\"elementor-container elementor-column-gap-default\">\n\t\t\t\t\t<div class=\"elementor-column elementor-col-100 elementor-top-column elementor-element elementor-element-3678d40\" data-id=\"3678d40\" data-element_type=\"column\">\n\t\t\t<div class=\"elementor-widget-wrap elementor-element-populated\">\n\t\t\t\t\t\t<div class=\"elementor-element elementor-element-8f01495 elementor-widget elementor-widget-text-editor\" data-id=\"8f01495\" data-element_type=\"widget\" data-widget_type=\"text-editor.default\">\n\t\t\t\t\t\t\t\t\t<h3>Choisissez R Line Call Center comme partenaire et assurez \u00e0 votre entreprise le meilleur support et la meilleure efficacit\u00e9 en mati\u00e8re de communication avec vos clients.<\/h3>\t\t\t\t\t\t\t\t<\/div>\n\t\t\t\t<div class=\"elementor-element elementor-element-3bc2ac3 elementor-widget elementor-widget-shortcode\" data-id=\"3bc2ac3\" data-element_type=\"widget\" data-widget_type=\"shortcode.default\">\n\t\t\t\t\t\t\t<div class=\"elementor-shortcode\">\n<div class=\"wpcf7 no-js\" id=\"wpcf7-f1483-o1\" lang=\"en-US\" dir=\"ltr\" data-wpcf7-id=\"1483\">\n<div class=\"screen-reader-response\"><p role=\"status\" aria-live=\"polite\" aria-atomic=\"true\"><\/p> <ul><\/ul><\/div>\n<form action=\"\/fr\/wp-json\/wp\/v2\/pages\/1440#wpcf7-f1483-o1\" method=\"post\" class=\"wpcf7-form init\" aria-label=\"Contact form\" novalidate=\"novalidate\" data-status=\"init\" data-trp-original-action=\"\/fr\/wp-json\/wp\/v2\/pages\/1440#wpcf7-f1483-o1\">\n<fieldset class=\"hidden-fields-container\"><input type=\"hidden\" name=\"_wpcf7\" value=\"1483\" \/><input type=\"hidden\" name=\"_wpcf7_version\" value=\"6.1.1\" \/><input type=\"hidden\" name=\"_wpcf7_locale\" value=\"en_US\" \/><input type=\"hidden\" name=\"_wpcf7_unit_tag\" value=\"wpcf7-f1483-o1\" \/><input type=\"hidden\" name=\"_wpcf7_container_post\" value=\"0\" \/><input type=\"hidden\" name=\"_wpcf7_posted_data_hash\" value=\"\" \/><input type=\"hidden\" name=\"_uacf7_hidden_conditional_fields\" value=\"\" \/>\n<\/fieldset>\n<div class=\"uacf7-form-wrapper-container uacf7-form-1483\"><div id=\"uacf7-form-wrapper\" class=\"uacf7-wrapper-default\">\n    <label> Nom de l\u2019entreprise\n        <span class=\"wpcf7-form-control-wrap\" data-name=\"firmenname\"><input size=\"40\" maxlength=\"400\" class=\"wpcf7-form-control wpcf7-text wpcf7-validates-as-required\" aria-required=\"true\" aria-invalid=\"false\" value=\"\" type=\"text\" name=\"firmenname\" \/><\/span>  <\/label> \n <label> Adresse\n        <span class=\"wpcf7-form-control-wrap\" data-name=\"adresse\"><input size=\"40\" maxlength=\"400\" class=\"wpcf7-form-control wpcf7-text wpcf7-validates-as-required\" aria-required=\"true\" aria-invalid=\"false\" value=\"\" type=\"text\" name=\"adresse\" \/><\/span>  <\/label> \n    <label> Adresse e-mail\n        <span class=\"wpcf7-form-control-wrap\" data-name=\"your-email\"><input size=\"40\" maxlength=\"400\" class=\"wpcf7-form-control wpcf7-email wpcf7-validates-as-required wpcf7-text wpcf7-validates-as-email\" aria-required=\"true\" aria-invalid=\"false\" value=\"\" type=\"email\" name=\"your-email\" \/><\/span>  <\/label> \n    <label> Contact\n        <span class=\"wpcf7-form-control-wrap\" data-name=\"tel-number\"><input size=\"40\" maxlength=\"400\" class=\"wpcf7-form-control wpcf7-tel wpcf7-validates-as-required wpcf7-text wpcf7-validates-as-tel\" aria-required=\"true\" aria-invalid=\"false\" value=\"\" type=\"tel\" name=\"tel-number\" \/><\/span> <\/label> \n    <label> Remarque\n        <span class=\"wpcf7-form-control-wrap\" data-name=\"bemerkung\"><textarea cols=\"40\" rows=\"10\" maxlength=\"2000\" class=\"wpcf7-form-control wpcf7-textarea wpcf7-validates-as-required\" aria-required=\"true\" aria-invalid=\"false\" name=\"bemerkung\"><\/textarea><\/span>  <\/label> \n    <input class=\"wpcf7-form-control wpcf7-submit has-spinner\" type=\"submit\" value=\"Demande de collaboration\" \/>\n<\/div><\/div><input type='hidden' class='wpcf7-pum' value='{\"closepopup\":false,\"closedelay\":0,\"openpopup\":false,\"openpopup_id\":0}' \/><div class=\"wpcf7-response-output\" aria-hidden=\"true\"><\/div>\n<input type=\"hidden\" name=\"trp-form-language\" value=\"fr\"\/><\/form>\n<\/div>\n<\/div>\n\t\t\t\t\t\t<\/div>\n\t\t\t\t\t<\/div>\n\t\t<\/div>\n\t\t\t\t\t<\/div>\n\t\t<\/section>\n\t\t\t\t<\/div>","protected":false},"excerpt":{"rendered":"<p>Was bieten wir unseren Partnern an? Wir stellen Ihnen R Line Callcenter vor. Mit unseren umfassenden L\u00f6sungen f\u00fcr Inbound und Outbound Kommunikation ist es unser Ziel, Ihr Gesch\u00e4ft zu verbessern, [&hellip;]<\/p>","protected":false},"author":1,"featured_media":0,"parent":0,"menu_order":0,"comment_status":"closed","ping_status":"closed","template":"","meta":{"footnotes":""},"class_list":["post-1440","page","type-page","status-publish","hentry"],"_links":{"self":[{"href":"https:\/\/rline.ch\/fr\/wp-json\/wp\/v2\/pages\/1440","targetHints":{"allow":["GET"]}}],"collection":[{"href":"https:\/\/rline.ch\/fr\/wp-json\/wp\/v2\/pages"}],"about":[{"href":"https:\/\/rline.ch\/fr\/wp-json\/wp\/v2\/types\/page"}],"author":[{"embeddable":true,"href":"https:\/\/rline.ch\/fr\/wp-json\/wp\/v2\/users\/1"}],"replies":[{"embeddable":true,"href":"https:\/\/rline.ch\/fr\/wp-json\/wp\/v2\/comments?post=1440"}],"version-history":[{"count":58,"href":"https:\/\/rline.ch\/fr\/wp-json\/wp\/v2\/pages\/1440\/revisions"}],"predecessor-version":[{"id":1596,"href":"https:\/\/rline.ch\/fr\/wp-json\/wp\/v2\/pages\/1440\/revisions\/1596"}],"wp:attachment":[{"href":"https:\/\/rline.ch\/fr\/wp-json\/wp\/v2\/media?parent=1440"}],"curies":[{"name":"wp","href":"https:\/\/api.w.org\/{rel}","templated":true}]}}