{"id":23,"date":"2022-12-19T02:29:04","date_gmt":"2022-12-19T02:29:04","guid":{"rendered":"https:\/\/gaviaspreview.com\/wp\/modins\/?page_id=23"},"modified":"2025-02-12T05:16:46","modified_gmt":"2025-02-12T04:16:46","slug":"uber-uns","status":"publish","type":"page","link":"https:\/\/rline.ch\/it\/uber-uns\/","title":{"rendered":"Chi siamo"},"content":{"rendered":"<div data-elementor-type=\"wp-page\" data-elementor-id=\"23\" class=\"elementor elementor-23\">\n\t\t\t\t\t\t<section class=\"elementor-section elementor-top-section elementor-element elementor-element-f278454 elementor-section-boxed elementor-section-height-default elementor-section-height-default\" data-id=\"f278454\" data-element_type=\"section\">\n\t\t\t\t\t\t<div class=\"elementor-container elementor-column-gap-default\">\n\t\t\t\t\t<div class=\"elementor-column elementor-col-50 elementor-top-column elementor-element elementor-element-7fba472\" data-id=\"7fba472\" data-element_type=\"column\">\n\t\t\t<div class=\"elementor-widget-wrap elementor-element-populated\">\n\t\t\t\t\t\t<div class=\"elementor-element elementor-element-80d5429 elementor-widget elementor-widget-gva-image-content\" data-id=\"80d5429\" data-element_type=\"widget\" data-widget_type=\"gva-image-content.default\">\n\t\t\t\t<div class=\"elementor-widget-container\">\n\t\t\t\t\t<div class=\"gva-element-gva-image-content gva-element\">\t\t\r\n\t  \r\n\t \r\n\r\n\t \r\n\r\n\t\r\n\t \r\n  \r\n \r\n\r\n  \r\n \r\n\r\n\t<div class=\"about-seven__single\">\r\n\t  \t<div class=\"about-seven__content\"><div class=\"about-seven__image\"><img decoding=\"async\" src=\"https:\/\/rline.ch\/wp-content\/uploads\/2025\/02\/RLineFoto10.jpeg\" alt=\"\" \/><\/div><\/div>\t<\/div>\r\n <\/div>\t\t\t\t<\/div>\n\t\t\t\t<\/div>\n\t\t\t\t\t<\/div>\n\t\t<\/div>\n\t\t\t\t<div class=\"elementor-column elementor-col-50 elementor-top-column elementor-element elementor-element-01c3651\" data-id=\"01c3651\" data-element_type=\"column\">\n\t\t\t<div class=\"elementor-widget-wrap elementor-element-populated\">\n\t\t\t\t\t\t<div class=\"elementor-element elementor-element-5f60f9b elementor-widget elementor-widget-heading\" data-id=\"5f60f9b\" data-element_type=\"widget\" data-widget_type=\"heading.default\">\n\t\t\t\t\t<h3 class=\"elementor-heading-title elementor-size-default\">Chi siamo?<\/h3>\t\t\t\t<\/div>\n\t\t\t\t<div class=\"elementor-element elementor-element-cff683a elementor-widget elementor-widget-text-editor\" data-id=\"cff683a\" data-element_type=\"widget\" data-widget_type=\"text-editor.default\">\n\t\t\t\t\t\t\t\t\t<p>Con oltre 20 anni di esperienza, offriamo servizi indipendenti e professionali, perfettamente adattati alle esigenze dei nostri 46.522 clienti attivi e 18 partner attivi. I nostri esperti, certificati da CICERO e registrati presso FINMA, garantiscono la massima competenza nel settore assicurativo. La fiducia e la qualit\u00e0 sono le nostre priorit\u00e0 assolute \u2013 il vostro partner affidabile per tutte le questioni relative alle assicurazioni e alla gestione dei rischi.<\/p>\t\t\t\t\t\t\t\t<\/div>\n\t\t\t\t\t<\/div>\n\t\t<\/div>\n\t\t\t\t\t<\/div>\n\t\t<\/section>\n\t\t\t\t<section class=\"elementor-section elementor-top-section elementor-element elementor-element-6ce7181 elementor-section-boxed elementor-section-height-default elementor-section-height-default\" data-id=\"6ce7181\" data-element_type=\"section\">\n\t\t\t\t\t\t<div class=\"elementor-container elementor-column-gap-default\">\n\t\t\t\t\t<div class=\"elementor-column elementor-col-50 elementor-top-column elementor-element elementor-element-6cd89cb\" data-id=\"6cd89cb\" data-element_type=\"column\">\n\t\t\t<div class=\"elementor-widget-wrap elementor-element-populated\">\n\t\t\t\t\t\t<div class=\"elementor-element elementor-element-69c8e1b elementor-widget elementor-widget-heading\" data-id=\"69c8e1b\" data-element_type=\"widget\" data-widget_type=\"heading.default\">\n\t\t\t\t\t<h3 class=\"elementor-heading-title elementor-size-default\">Ci concentriamo sulla qualit\u00e0<\/h3>\t\t\t\t<\/div>\n\t\t\t\t<div class=\"elementor-element elementor-element-88e3a4f elementor-widget elementor-widget-text-editor\" data-id=\"88e3a4f\" data-element_type=\"widget\" data-widget_type=\"text-editor.default\">\n\t\t\t\t\t\t\t\t\t<p>Il nostro obiettivo \u00e8 offrirvi soluzioni assicurative con il miglior rapporto qualit\u00e0-prezzo, adattate alla vostra attuale fase di vita o alla situazione della vostra azienda. Diamo grande importanza all\u2019ascolto delle vostre esigenze, desideri e aspettative. Il nostro team esperto vi fornir\u00e0 consulenza professionale, supporto completo e consigli competenti in ogni momento.<\/p>\t\t\t\t\t\t\t\t<\/div>\n\t\t\t\t\t<\/div>\n\t\t<\/div>\n\t\t\t\t<div class=\"elementor-column elementor-col-50 elementor-top-column elementor-element elementor-element-3a0eaed\" data-id=\"3a0eaed\" data-element_type=\"column\">\n\t\t\t<div class=\"elementor-widget-wrap elementor-element-populated\">\n\t\t\t\t\t\t<div class=\"elementor-element elementor-element-096234b e-transform e-transform elementor-widget elementor-widget-gva-image-content\" data-id=\"096234b\" data-element_type=\"widget\" data-settings=\"{&quot;_transform_flipX_effect&quot;:&quot;transform&quot;,&quot;_transform_rotateZ_effect&quot;:{&quot;unit&quot;:&quot;px&quot;,&quot;size&quot;:&quot;&quot;,&quot;sizes&quot;:[]},&quot;_transform_rotateZ_effect_tablet&quot;:{&quot;unit&quot;:&quot;deg&quot;,&quot;size&quot;:&quot;&quot;,&quot;sizes&quot;:[]},&quot;_transform_rotateZ_effect_mobile&quot;:{&quot;unit&quot;:&quot;deg&quot;,&quot;size&quot;:&quot;&quot;,&quot;sizes&quot;:[]}}\" data-widget_type=\"gva-image-content.default\">\n\t\t\t\t<div class=\"elementor-widget-container\">\n\t\t\t\t\t<div class=\"gva-element-gva-image-content gva-element\">\t\t\r\n\t  \r\n\t \r\n\r\n\t \r\n\r\n\t\r\n\t \r\n  \r\n \r\n\r\n  \r\n \r\n\r\n\t<div class=\"about-seven__single\">\r\n\t  \t<div class=\"about-seven__content\"><div class=\"about-seven__image\"><img decoding=\"async\" src=\"https:\/\/rline.ch\/wp-content\/uploads\/2025\/02\/RLineFoto8.jpeg\" alt=\"\" \/><\/div><\/div>\t<\/div>\r\n <\/div>\t\t\t\t<\/div>\n\t\t\t\t<\/div>\n\t\t\t\t\t<\/div>\n\t\t<\/div>\n\t\t\t\t\t<\/div>\n\t\t<\/section>\n\t\t\t\t<section class=\"elementor-section elementor-top-section elementor-element elementor-element-b106c73 elementor-section-boxed elementor-section-height-default elementor-section-height-default\" data-id=\"b106c73\" data-element_type=\"section\">\n\t\t\t\t\t\t<div class=\"elementor-container elementor-column-gap-default\">\n\t\t\t\t\t<div class=\"elementor-column elementor-col-50 elementor-top-column elementor-element elementor-element-b245a67\" data-id=\"b245a67\" data-element_type=\"column\">\n\t\t\t<div class=\"elementor-widget-wrap elementor-element-populated\">\n\t\t\t\t\t\t<div class=\"elementor-element elementor-element-d614f1f elementor-widget elementor-widget-gva-image-content\" data-id=\"d614f1f\" data-element_type=\"widget\" data-widget_type=\"gva-image-content.default\">\n\t\t\t\t<div class=\"elementor-widget-container\">\n\t\t\t\t\t<div class=\"gva-element-gva-image-content gva-element\">\t\t\r\n\t  \r\n\t \r\n\r\n\t \r\n\r\n\t\r\n\t \r\n  \r\n \r\n\r\n  \r\n \r\n\r\n\t<div class=\"about-seven__single\">\r\n\t  \t<div class=\"about-seven__content\"><div class=\"about-seven__image\"><img decoding=\"async\" src=\"https:\/\/rline.ch\/wp-content\/uploads\/2025\/02\/RLineFoto9.jpeg\" alt=\"\" \/><\/div><\/div>\t<\/div>\r\n <\/div>\t\t\t\t<\/div>\n\t\t\t\t<\/div>\n\t\t\t\t\t<\/div>\n\t\t<\/div>\n\t\t\t\t<div class=\"elementor-column elementor-col-50 elementor-top-column elementor-element elementor-element-febbfb0\" data-id=\"febbfb0\" data-element_type=\"column\">\n\t\t\t<div class=\"elementor-widget-wrap elementor-element-populated\">\n\t\t\t\t\t\t<div class=\"elementor-element elementor-element-caa9a39 elementor-widget elementor-widget-heading\" data-id=\"caa9a39\" data-element_type=\"widget\" data-widget_type=\"heading.default\">\n\t\t\t\t\t<h3 class=\"elementor-heading-title elementor-size-default\">Analizziamo nel dettaglio<\/h3>\t\t\t\t<\/div>\n\t\t\t\t<div class=\"elementor-element elementor-element-7143feb elementor-widget elementor-widget-text-editor\" data-id=\"7143feb\" data-element_type=\"widget\" data-widget_type=\"text-editor.default\">\n\t\t\t\t\t\t\t\t\t<p>Non offriamo soluzioni generiche o standardizzate. Al contrario, analizziamo in modo approfondito la vostra situazione specifica e sviluppiamo una soluzione personalizzata basata sulle vostre esigenze e preferenze assicurative.<\/p>\t\t\t\t\t\t\t\t<\/div>\n\t\t\t\t\t<\/div>\n\t\t<\/div>\n\t\t\t\t\t<\/div>\n\t\t<\/section>\n\t\t\t\t<section class=\"elementor-section elementor-top-section elementor-element elementor-element-77d8160 elementor-section-boxed elementor-section-height-default elementor-section-height-default\" data-id=\"77d8160\" data-element_type=\"section\">\n\t\t\t\t\t\t<div class=\"elementor-container elementor-column-gap-default\">\n\t\t\t\t\t<div class=\"elementor-column elementor-col-50 elementor-top-column elementor-element elementor-element-f815cd3\" data-id=\"f815cd3\" data-element_type=\"column\">\n\t\t\t<div class=\"elementor-widget-wrap elementor-element-populated\">\n\t\t\t\t\t\t<div class=\"elementor-element elementor-element-86bc78f elementor-widget elementor-widget-heading\" data-id=\"86bc78f\" data-element_type=\"widget\" data-widget_type=\"heading.default\">\n\t\t\t\t\t<h3 class=\"elementor-heading-title elementor-size-default\">Sei al centro della nostra attenzione<\/h3>\t\t\t\t<\/div>\n\t\t\t\t<div class=\"elementor-element elementor-element-f483b4e elementor-widget elementor-widget-text-editor\" data-id=\"f483b4e\" data-element_type=\"widget\" data-widget_type=\"text-editor.default\">\n\t\t\t\t\t\t\t\t\t<p>Come cliente, siete al centro della nostra attenzione. Vi offriamo soluzioni personalizzate e un'ampia gamma di assicurazioni da un'unica fonte. Per facilitare la comunicazione e ridurre le barriere linguistiche, vi supportiamo in 12 lingue diverse e offriamo soluzioni orientate al servizio \u2013 sempre con un sorriso.<\/p>\t\t\t\t\t\t\t\t<\/div>\n\t\t\t\t\t<\/div>\n\t\t<\/div>\n\t\t\t\t<div class=\"elementor-column elementor-col-50 elementor-top-column elementor-element elementor-element-d32ba90\" data-id=\"d32ba90\" data-element_type=\"column\">\n\t\t\t<div class=\"elementor-widget-wrap elementor-element-populated\">\n\t\t\t\t\t\t<div class=\"elementor-element elementor-element-b79f842 e-transform elementor-widget elementor-widget-gva-image-content\" data-id=\"b79f842\" data-element_type=\"widget\" data-settings=\"{&quot;_transform_flipX_effect&quot;:&quot;transform&quot;}\" data-widget_type=\"gva-image-content.default\">\n\t\t\t\t<div class=\"elementor-widget-container\">\n\t\t\t\t\t<div class=\"gva-element-gva-image-content gva-element\">\t\t\r\n\t  \r\n\t \r\n\r\n\t \r\n\r\n\t\r\n\t \r\n  \r\n \r\n\r\n  \r\n \r\n\r\n\t<div class=\"about-seven__single\">\r\n\t  \t<div class=\"about-seven__content\"><div class=\"about-seven__image\"><img decoding=\"async\" src=\"https:\/\/rline.ch\/wp-content\/uploads\/2025\/01\/RLineFoto6.jpeg\" alt=\"\" \/><\/div><\/div>\t<\/div>\r\n <\/div>\t\t\t\t<\/div>\n\t\t\t\t<\/div>\n\t\t\t\t\t<\/div>\n\t\t<\/div>\n\t\t\t\t\t<\/div>\n\t\t<\/section>\n\t\t\t\t<section class=\"elementor-section elementor-top-section elementor-element elementor-element-702b8ed elementor-section-boxed elementor-section-height-default elementor-section-height-default\" data-id=\"702b8ed\" data-element_type=\"section\" data-settings=\"{&quot;background_background&quot;:&quot;classic&quot;}\">\n\t\t\t\t\t\t<div class=\"elementor-container elementor-column-gap-default\">\n\t\t\t\t\t<div class=\"elementor-column elementor-col-100 elementor-top-column elementor-element elementor-element-9fc1c3f\" data-id=\"9fc1c3f\" data-element_type=\"column\">\n\t\t\t<div class=\"elementor-widget-wrap elementor-element-populated\">\n\t\t\t\t\t\t<section class=\"elementor-section elementor-inner-section elementor-element elementor-element-47f1915 elementor-section-boxed elementor-section-height-default elementor-section-height-default\" data-id=\"47f1915\" data-element_type=\"section\" data-settings=\"{&quot;background_background&quot;:&quot;classic&quot;}\">\n\t\t\t\t\t\t\t<div class=\"elementor-background-overlay\"><\/div>\n\t\t\t\t\t\t\t<div class=\"elementor-container elementor-column-gap-default\">\n\t\t\t\t\t<div class=\"elementor-column elementor-col-50 elementor-inner-column elementor-element elementor-element-81ac4f1\" data-id=\"81ac4f1\" data-element_type=\"column\">\n\t\t\t<div class=\"elementor-widget-wrap elementor-element-populated\">\n\t\t\t\t\t\t<div class=\"elementor-element elementor-element-6bf059f elementor-view-default elementor-widget elementor-widget-icon\" data-id=\"6bf059f\" data-element_type=\"widget\" data-widget_type=\"icon.default\">\n\t\t\t\t\t\t\t<div class=\"elementor-icon-wrapper\">\n\t\t\t<div class=\"elementor-icon\">\n\t\t\t<i aria-hidden=\"true\" class=\"fas fa-crosshairs\"><\/i>\t\t\t<\/div>\n\t\t<\/div>\n\t\t\t\t\t\t<\/div>\n\t\t\t\t\t<\/div>\n\t\t<\/div>\n\t\t\t\t<div class=\"elementor-column elementor-col-50 elementor-inner-column elementor-element elementor-element-59cd73f\" data-id=\"59cd73f\" data-element_type=\"column\">\n\t\t\t<div class=\"elementor-widget-wrap elementor-element-populated\">\n\t\t\t\t\t\t<div class=\"elementor-element elementor-element-10bdb66 elementor-widget elementor-widget-text-editor\" data-id=\"10bdb66\" data-element_type=\"widget\" data-widget_type=\"text-editor.default\">\n\t\t\t\t\t\t\t\t\t<p>Missione: La soddisfazione dei clienti, il nostro obiettivo principale.<br \/>Visione: Essere la prima scelta per la soddisfazione dei clienti tra i broker assicurativi indipendenti.<\/p>\t\t\t\t\t\t\t\t<\/div>\n\t\t\t\t\t<\/div>\n\t\t<\/div>\n\t\t\t\t\t<\/div>\n\t\t<\/section>\n\t\t\t\t\t<\/div>\n\t\t<\/div>\n\t\t\t\t\t<\/div>\n\t\t<\/section>\n\t\t\t\t<section class=\"elementor-section elementor-top-section elementor-element elementor-element-2b1fdfb elementor-section-boxed elementor-section-height-default elementor-section-height-default\" data-id=\"2b1fdfb\" data-element_type=\"section\">\n\t\t\t\t\t\t<div class=\"elementor-container elementor-column-gap-default\">\n\t\t\t\t\t<div class=\"elementor-column elementor-col-100 elementor-top-column elementor-element elementor-element-f9e27d8\" data-id=\"f9e27d8\" data-element_type=\"column\">\n\t\t\t<div class=\"elementor-widget-wrap elementor-element-populated\">\n\t\t\t\t\t\t<div class=\"elementor-element elementor-element-e83a927 elementor-widget elementor-widget-gva-heading-block\" data-id=\"e83a927\" data-element_type=\"widget\" data-widget_type=\"gva-heading-block.default\">\n\t\t\t\t<div class=\"elementor-widget-container\">\n\t\t\t\t\t<div class=\"gva-element-gva-heading-block gva-element\">   <div class=\"align-center style-1 widget gsc-heading box-align-center auto-responsive\">\r\n      <div class=\"content-inner\">\r\n         \r\n                  \r\n           \r\n         \r\n                     <h2 class=\"title\">\r\n               <span>Informazioni sulla direzione<\/span>\r\n            <\/h2>\r\n                  \r\n         \r\n         \r\n      <\/div>\r\n   <\/div>\r\n<\/div>\t\t\t\t<\/div>\n\t\t\t\t<\/div>\n\t\t\t\t<div class=\"elementor-element elementor-element-1723680 elementor-widget elementor-widget-gva-team\" data-id=\"1723680\" data-element_type=\"widget\" data-widget_type=\"gva-team.default\">\n\t\t\t\t<div class=\"elementor-widget-container\">\n\t\t\t\t\t<div class=\"gva-element-gva-team gva-element\">\r\n<div class=\"gsc-team layout-grid\">\r\n   <div class=\"lg-block-grid-2 md-block-grid-2 sm-block-grid-2 xs-block-grid-1 xx-block-grid-1\">\r\n               <div class=\"item-columns\">\r\n            \r\n\r\n\t<div class=\"gsc-team-item-2\">\r\n\t\t  \r\n\t\t<div class=\"team-content\">\r\n\t\t\t<div class=\"content-inner\">\r\n\t\t\t\t\t\t\t\t\t<h3 class=\"team-name\">\r\n\t\t\t\t\t\tMurat Redzep   \r\n\t\t\t\t\t<\/h3>\r\n\t\t\t\t\r\n\t\t\t\t\t\t\t\t\t<div class=\"team-job\">Proprietario dell'azienda<\/div>\r\n\t\t\t\t\r\n\t\t\t\t\t\t\t\t\t<div class=\"team-desc\">Chi \u00e8 Murat Redzep?<br><br>\n\nCon oltre 20 anni di esperienza nei settori assicurativo e delle telecomunicazioni, ha creato un team professionale che fornisce servizi di alta qualit\u00e0 e affidabili ai suoi clienti.<\/div>\r\n\t\t\t\t\r\n\t\t\t\t\r\n\t\t\t<\/div>   \r\n\t\t<\/div>\r\n\t<\/div>      \r\n         <\/div>\r\n         <\/div>   \r\n<\/div>\r\n<\/div>\t\t\t\t<\/div>\n\t\t\t\t<\/div>\n\t\t\t\t\t<\/div>\n\t\t<\/div>\n\t\t\t\t\t<\/div>\n\t\t<\/section>\n\t\t\t\t<\/div>","protected":false},"excerpt":{"rendered":"<p>Wer sind Wir? Mit \u00fcber 20 Jahren Erfahrung bieten wir unabh\u00e4ngige und kompetente Dienstleistungen, die genau auf die Bed\u00fcrfnisse unserer 46.522 aktiven Kunden und 18 aktiven Partner zugeschnitten sind. Unsere [&hellip;]<\/p>","protected":false},"author":1,"featured_media":0,"parent":0,"menu_order":0,"comment_status":"closed","ping_status":"closed","template":"","meta":{"footnotes":""},"class_list":["post-23","page","type-page","status-publish","hentry"],"_links":{"self":[{"href":"https:\/\/rline.ch\/it\/wp-json\/wp\/v2\/pages\/23","targetHints":{"allow":["GET"]}}],"collection":[{"href":"https:\/\/rline.ch\/it\/wp-json\/wp\/v2\/pages"}],"about":[{"href":"https:\/\/rline.ch\/it\/wp-json\/wp\/v2\/types\/page"}],"author":[{"embeddable":true,"href":"https:\/\/rline.ch\/it\/wp-json\/wp\/v2\/users\/1"}],"replies":[{"embeddable":true,"href":"https:\/\/rline.ch\/it\/wp-json\/wp\/v2\/comments?post=23"}],"version-history":[{"count":47,"href":"https:\/\/rline.ch\/it\/wp-json\/wp\/v2\/pages\/23\/revisions"}],"predecessor-version":[{"id":1672,"href":"https:\/\/rline.ch\/it\/wp-json\/wp\/v2\/pages\/23\/revisions\/1672"}],"wp:attachment":[{"href":"https:\/\/rline.ch\/it\/wp-json\/wp\/v2\/media?parent=23"}],"curies":[{"name":"wp","href":"https:\/\/api.w.org\/{rel}","templated":true}]}}